{"id":8546,"date":"2024-09-02T02:20:26","date_gmt":"2024-09-02T00:20:26","guid":{"rendered":"https:\/\/mimizu.ch\/?post_type=product&#038;p=8546"},"modified":"2025-12-01T00:09:42","modified_gmt":"2025-11-30T23:09:42","slug":"kokeshi-clip-buroklammer-sendai","status":"publish","type":"product","link":"https:\/\/uroco.ch\/de\/kokeshi-clip-paper-clip-sendai\/","title":{"rendered":"KOKESHI CLIP &#8211; Paper Clip [Sendai]"},"content":{"rendered":"<p>Niedliche B\u00fcroklammern im japanischen Holzpuppen-Design, beidseitig bedruckt.<br \/>\nJeweils 5 der 2 Sorten (insgesamt 10 St\u00fcck) sind in einer h\u00fcbschen kleinen Schachtel verpackt.<br \/>\nSie eignen sich hervorragend zum Anheften von Dokumenten, als Buchmacher oder um originelle Accessoires daraus zu machen.<\/p>\n<p><strong>Sendai Kokeshi-Puppen<\/strong>Die Kanigiku, die in Sendai entwickelt wurden, nachdem sie in den hei\u00dfen Quellen der Berge entstanden waren, sind f\u00fcr ihren Gesichtsausdruck bekannt, der an traditionelle Stadtm\u00e4dchen erinnert. Der K\u00f6rper ist mit einem einzigartigen Chrysanthemenmuster namens \"Kanigiku\" geschm\u00fcckt.<\/p>\n<p>&nbsp;<\/p>\n<p><strong>\u25a0 Geschichte des Kokeshi-Clips \u25a0<\/strong><br \/>\nKokeshi-Clips werden in Japan von Sasaki Print in der Region T\u014dhoku hergestellt.<br \/>\nDie Stadt Sendai wurde durch das T\u014dhoku-Erdbeben im Jahr 2011 schwer besch\u00e4digt und auch die Sasaki Print Fabrik wurde vollst\u00e4ndig zerst\u00f6rt.<br \/>\nDer Besitzer sah keine Zukunft f\u00fcr seine Fabrik, erkannte aber an, dass alle Menschen ihr Bestes gaben, um das Gebiet wieder aufzubauen.<br \/>\nIn einem Museum in Tokio wurde er inspiriert, ein besonderes Souvenir mit Zeichnungen von Kokeshi (Holzpuppen) zu schaffen, die f\u00fcr den n\u00f6rdlichen Teil Japans ber\u00fchmt sind. Er schuf verschiedene Kokeshi-Clips und begann, sie in sch\u00f6nen kleinen Streichholzschachteln zu verkaufen.<\/p>\n<p>Heute ist Sasaki Print ein kleines Unternehmen, aber eines, das den Mitarbeitern gro\u00dfe Hoffnung gibt, sich von dem Geschehenen zu erholen.<br \/>\nDurch die Schaffung neuer Produkte wollen sie zur Erholung der T\u014dhoku-Region beitragen.<br \/>\nHoffentlich werden viele Menschen von den sch\u00f6nen Produkten angezogen.<br \/>\nund kommen zur\u00fcck, um die sch\u00f6ne T\u014dhoku-Region zu besuchen.<\/p>","protected":false},"excerpt":{"rendered":"<p>Cute paper clips in Japanese wooden doll design, printed on both sides. 5 of each of the 2 types (total 10 pcs)\u3000are packed in a lovely small box. They are great for clipping your documents, as bookmaker, or for making original accessories with them. Sendai Kokeshi dolls, developed in Sendai after originating in mountain hot [&hellip;]<\/p>\n","protected":false},"featured_media":14341,"comment_status":"closed","ping_status":"closed","template":"","meta":{"ocean_post_layout":"","ocean_both_sidebars_style":"","ocean_both_sidebars_content_width":0,"ocean_both_sidebars_sidebars_width":0,"ocean_sidebar":"0","ocean_second_sidebar":"0","ocean_disable_margins":"enable","ocean_add_body_class":"","ocean_shortcode_before_top_bar":"","ocean_shortcode_after_top_bar":"","ocean_shortcode_before_header":"","ocean_shortcode_after_header":"","ocean_has_shortcode":"","ocean_shortcode_after_title":"","ocean_shortcode_before_footer_widgets":"","ocean_shortcode_after_footer_widgets":"","ocean_shortcode_before_footer_bottom":"","ocean_shortcode_after_footer_bottom":"","ocean_display_top_bar":"default","ocean_display_header":"default","ocean_header_style":"","ocean_center_header_left_menu":"0","ocean_custom_header_template":"0","ocean_custom_logo":0,"ocean_custom_retina_logo":0,"ocean_custom_logo_max_width":0,"ocean_custom_logo_tablet_max_width":0,"ocean_custom_logo_mobile_max_width":0,"ocean_custom_logo_max_height":0,"ocean_custom_logo_tablet_max_height":0,"ocean_custom_logo_mobile_max_height":0,"ocean_header_custom_menu":"0","ocean_menu_typo_font_family":"0","ocean_menu_typo_font_subset":"","ocean_menu_typo_font_size":0,"ocean_menu_typo_font_size_tablet":0,"ocean_menu_typo_font_size_mobile":0,"ocean_menu_typo_font_size_unit":"px","ocean_menu_typo_font_weight":"","ocean_menu_typo_font_weight_tablet":"","ocean_menu_typo_font_weight_mobile":"","ocean_menu_typo_transform":"","ocean_menu_typo_transform_tablet":"","ocean_menu_typo_transform_mobile":"","ocean_menu_typo_line_height":0,"ocean_menu_typo_line_height_tablet":0,"ocean_menu_typo_line_height_mobile":0,"ocean_menu_typo_line_height_unit":"","ocean_menu_typo_spacing":0,"ocean_menu_typo_spacing_tablet":0,"ocean_menu_typo_spacing_mobile":0,"ocean_menu_typo_spacing_unit":"","ocean_menu_link_color":"","ocean_menu_link_color_hover":"","ocean_menu_link_color_active":"","ocean_menu_link_background":"","ocean_menu_link_hover_background":"","ocean_menu_link_active_background":"","ocean_menu_social_links_bg":"","ocean_menu_social_hover_links_bg":"","ocean_menu_social_links_color":"","ocean_menu_social_hover_links_color":"","ocean_disable_title":"default","ocean_disable_heading":"default","ocean_post_title":"","ocean_post_subheading":"","ocean_post_title_style":"","ocean_post_title_background_color":"","ocean_post_title_background":0,"ocean_post_title_bg_image_position":"","ocean_post_title_bg_image_attachment":"","ocean_post_title_bg_image_repeat":"","ocean_post_title_bg_image_size":"","ocean_post_title_height":0,"ocean_post_title_bg_overlay":0.5,"ocean_post_title_bg_overlay_color":"","ocean_disable_breadcrumbs":"default","ocean_breadcrumbs_color":"","ocean_breadcrumbs_separator_color":"","ocean_breadcrumbs_links_color":"","ocean_breadcrumbs_links_hover_color":"","ocean_display_footer_widgets":"default","ocean_display_footer_bottom":"default","ocean_custom_footer_template":"0"},"product_brand":[],"product_cat":[688],"product_tag":[665,1029,1043,664,1041,987,1038,1037,1042,1039,1040],"class_list":{"0":"post-8546","1":"product","2":"type-product","3":"status-publish","4":"has-post-thumbnail","6":"product_cat-stationary","7":"product_tag-clip","8":"product_tag-japanese-design","9":"product_tag-japanese-souvenir","10":"product_tag-kokeshi","11":"product_tag-kokeshi-doll","12":"product_tag-made-in-japan","13":"product_tag-miyagi","14":"product_tag-sendai","15":"product_tag-souvenir","16":"product_tag-tohoku","17":"product_tag-tohoku-miyage","18":"product_shipping_class-small-shippment","19":"pa_brand-sasaki-print","20":"pa_material-fiber-paper","21":"pa_quantity-10-pcs","22":"pa_size-box-56-x-35-x-15-mm","23":"pa_size-sendai-3-1-x-2-1-x-0-1-cm","25":"entry","26":"has-media","28":"first","29":"instock","30":"shipping-taxable","31":"purchasable","32":"product-type-simple","33":"col","34":"span_1_of_3","35":"owp-content-center","36":"owp-thumbs-layout-horizontal","37":"owp-btn-normal","38":"owp-tabs-layout-section"},"_links":{"self":[{"href":"https:\/\/uroco.ch\/de\/wp-json\/wp\/v2\/product\/8546","targetHints":{"allow":["GET"]}}],"collection":[{"href":"https:\/\/uroco.ch\/de\/wp-json\/wp\/v2\/product"}],"about":[{"href":"https:\/\/uroco.ch\/de\/wp-json\/wp\/v2\/types\/product"}],"replies":[{"embeddable":true,"href":"https:\/\/uroco.ch\/de\/wp-json\/wp\/v2\/comments?post=8546"}],"version-history":[{"count":6,"href":"https:\/\/uroco.ch\/de\/wp-json\/wp\/v2\/product\/8546\/revisions"}],"predecessor-version":[{"id":14343,"href":"https:\/\/uroco.ch\/de\/wp-json\/wp\/v2\/product\/8546\/revisions\/14343"}],"wp:featuredmedia":[{"embeddable":true,"href":"https:\/\/uroco.ch\/de\/wp-json\/wp\/v2\/media\/14341"}],"wp:attachment":[{"href":"https:\/\/uroco.ch\/de\/wp-json\/wp\/v2\/media?parent=8546"}],"wp:term":[{"taxonomy":"product_brand","embeddable":true,"href":"https:\/\/uroco.ch\/de\/wp-json\/wp\/v2\/product_brand?post=8546"},{"taxonomy":"product_cat","embeddable":true,"href":"https:\/\/uroco.ch\/de\/wp-json\/wp\/v2\/product_cat?post=8546"},{"taxonomy":"product_tag","embeddable":true,"href":"https:\/\/uroco.ch\/de\/wp-json\/wp\/v2\/product_tag?post=8546"}],"curies":[{"name":"wp","href":"https:\/\/api.w.org\/{rel}","templated":true}]}}