{"id":4643,"date":"2022-11-11T00:05:59","date_gmt":"2022-11-10T23:05:59","guid":{"rendered":"https:\/\/mimizu.ch\/?post_type=product&#038;p=4643"},"modified":"2025-12-09T14:16:06","modified_gmt":"2025-12-09T13:16:06","slug":"hat-mir-die-hande-gestohlen","status":"publish","type":"product","link":"https:\/\/uroco.ch\/de\/stole-l-hands\/","title":{"rendered":"STOLE\u30fbL [hands\/brown]"},"content":{"rendered":"<p>Ein Druck von vielen H\u00e4nden - vielen H\u00e4nden der Originalit\u00e4t.<br \/>\nSie werden Sie inspirieren und Ihnen etwas Besonderes bieten!<\/p>\n<p>Gr\u00f6\u00dfe und Muster\u25a0<br \/>\nAlle Stolen werden im Atelier MAKUMO handgefertigt,<br \/>\nDaher ist jedes St\u00fcck einzigartig und variiert leicht in Gr\u00f6\u00dfe und Farbe.<\/p>\n<p>Stoffqualit\u00e4t\u25a0<br \/>\nMAKUMO bedruckt alle seine Stolen mit Stoffen aus Hamamatsu.<br \/>\nHamamatsu ist ber\u00fchmt f\u00fcr seinen Stoff, denn das warme Wetter dort ist ideal f\u00fcr den Baumwollanbau.<br \/>\nDie Verwendung von doppelter Gaze macht das Tuch weich. Dar\u00fcber hinaus haben sie eine hohe Atmungsaktivit\u00e4t und Wasseraufnahmef\u00e4higkeit.<\/p>\n<p>&nbsp;<\/p>\n<p><img decoding=\"async\" class=\"alignnone size-full wp-image-1790\" src=\"https:\/\/uroco.ch\/wp-content\/uploads\/2019\/06\/makumo.png\" alt=\"\" width=\"160\" height=\"32.5\" title=\"\"><\/p>\n<p>aus Fukuoka, Japan<br \/>\nDas kleine Atelier von MAKUMO befindet sich in der N\u00e4he des Meeres in Itoshima, Fukuoka.<br \/>\nDie von Miki entworfenen Designs, die von Tomota auf Textilien gedruckt und von Yukiko ges\u00e4gt werden, bilden die einzigartigen Textilprodukte von MAKUMO.<br \/>\nMAKUMO ist der Name eines alten Instruments, von dem niemand wei\u00df, welchen Klang es erzeugt und wie es aussieht.<br \/>\nSo kann sich jeder seine eigene Vorstellung davon machen, was Makumo ist.<br \/>\nDie Muster von MAKUMO sind das Ergebnis vieler Phantasien, und es kommen immer wieder neue hinzu.<\/p>\n<p>MAKUMO w\u00fcnscht Ihnen viel Spa\u00df mit seiner Vorstellung von einer unbekannten Welt.<\/p>\n<p><img fetchpriority=\"high\" decoding=\"async\" class=\"alignnone size-medium wp-image-6480\" src=\"https:\/\/uroco.ch\/wp-content\/uploads\/2020\/02\/makumo\u767d\u9ed2-300x56.jpeg\" alt=\"\" width=\"900\" height=\"168\" title=\"\" srcset=\"https:\/\/uroco.ch\/wp-content\/uploads\/2020\/02\/makumo\u767d\u9ed2-300x56.jpeg 300w, https:\/\/uroco.ch\/wp-content\/uploads\/2020\/02\/makumo\u767d\u9ed2-1024x191.jpeg 1024w, https:\/\/uroco.ch\/wp-content\/uploads\/2020\/02\/makumo\u767d\u9ed2-768x143.jpeg 768w, https:\/\/uroco.ch\/wp-content\/uploads\/2020\/02\/makumo\u767d\u9ed2-1536x286.jpeg 1536w, https:\/\/uroco.ch\/wp-content\/uploads\/2020\/02\/makumo\u767d\u9ed2-600x112.jpeg 600w, https:\/\/uroco.ch\/wp-content\/uploads\/2020\/02\/makumo\u767d\u9ed2.jpeg 1000w\" sizes=\"(max-width: 900px) 100vw, 900px\" \/><\/p>","protected":false},"excerpt":{"rendered":"<p>A print of many hands &#8211; many hands of originality. They will inspire you and bring you something special! \u25a0size and pattern\u25a0 All of stoles are handmade in atelier MAKUMO, so each piece is unique and varies slightly in size and color. \u25a0cloth quality\u25a0 MAKUMO prints all of their stoles with cloth from Hamamatsu. Hamamatsu [&hellip;]<\/p>\n","protected":false},"featured_media":11434,"comment_status":"closed","ping_status":"closed","template":"","meta":{"ocean_post_layout":"","ocean_both_sidebars_style":"","ocean_both_sidebars_content_width":0,"ocean_both_sidebars_sidebars_width":0,"ocean_sidebar":"0","ocean_second_sidebar":"0","ocean_disable_margins":"enable","ocean_add_body_class":"","ocean_shortcode_before_top_bar":"","ocean_shortcode_after_top_bar":"","ocean_shortcode_before_header":"","ocean_shortcode_after_header":"","ocean_has_shortcode":"","ocean_shortcode_after_title":"","ocean_shortcode_before_footer_widgets":"","ocean_shortcode_after_footer_widgets":"","ocean_shortcode_before_footer_bottom":"","ocean_shortcode_after_footer_bottom":"","ocean_display_top_bar":"default","ocean_display_header":"default","ocean_header_style":"","ocean_center_header_left_menu":"0","ocean_custom_header_template":"0","ocean_custom_logo":0,"ocean_custom_retina_logo":0,"ocean_custom_logo_max_width":0,"ocean_custom_logo_tablet_max_width":0,"ocean_custom_logo_mobile_max_width":0,"ocean_custom_logo_max_height":0,"ocean_custom_logo_tablet_max_height":0,"ocean_custom_logo_mobile_max_height":0,"ocean_header_custom_menu":"0","ocean_menu_typo_font_family":"0","ocean_menu_typo_font_subset":"","ocean_menu_typo_font_size":0,"ocean_menu_typo_font_size_tablet":0,"ocean_menu_typo_font_size_mobile":0,"ocean_menu_typo_font_size_unit":"px","ocean_menu_typo_font_weight":"","ocean_menu_typo_font_weight_tablet":"","ocean_menu_typo_font_weight_mobile":"","ocean_menu_typo_transform":"","ocean_menu_typo_transform_tablet":"","ocean_menu_typo_transform_mobile":"","ocean_menu_typo_line_height":0,"ocean_menu_typo_line_height_tablet":0,"ocean_menu_typo_line_height_mobile":0,"ocean_menu_typo_line_height_unit":"","ocean_menu_typo_spacing":0,"ocean_menu_typo_spacing_tablet":0,"ocean_menu_typo_spacing_mobile":0,"ocean_menu_typo_spacing_unit":"","ocean_menu_link_color":"","ocean_menu_link_color_hover":"","ocean_menu_link_color_active":"","ocean_menu_link_background":"","ocean_menu_link_hover_background":"","ocean_menu_link_active_background":"","ocean_menu_social_links_bg":"","ocean_menu_social_hover_links_bg":"","ocean_menu_social_links_color":"","ocean_menu_social_hover_links_color":"","ocean_disable_title":"default","ocean_disable_heading":"default","ocean_post_title":"","ocean_post_subheading":"","ocean_post_title_style":"","ocean_post_title_background_color":"","ocean_post_title_background":0,"ocean_post_title_bg_image_position":"","ocean_post_title_bg_image_attachment":"","ocean_post_title_bg_image_repeat":"","ocean_post_title_bg_image_size":"","ocean_post_title_height":0,"ocean_post_title_bg_overlay":0.5,"ocean_post_title_bg_overlay_color":"","ocean_disable_breadcrumbs":"default","ocean_breadcrumbs_color":"","ocean_breadcrumbs_separator_color":"","ocean_breadcrumbs_links_color":"","ocean_breadcrumbs_links_hover_color":"","ocean_display_footer_widgets":"default","ocean_display_footer_bottom":"default","ocean_custom_footer_template":"0"},"product_brand":[],"product_cat":[690,691],"product_tag":[671,666],"class_list":{"0":"post-4643","1":"product","2":"type-product","3":"status-publish","4":"has-post-thumbnail","6":"product_cat-accessories","7":"product_cat-textiles","8":"product_tag-hands","9":"product_tag-stole","10":"product_shipping_class-normal-shippment","11":"pa_brand-makumo","12":"pa_care-intruction-colors-may-fade-with-friction","13":"pa_care-intruction-do-not-soak-or-leave-wet","14":"pa_care-intruction-do-not-tumble-dry","15":"pa_care-intruction-wash-at-40-c","16":"pa_material-cotton","17":"pa_size-aprx-160-x-90-cm","19":"entry","20":"has-media","22":"first","23":"instock","24":"shipping-taxable","25":"purchasable","26":"product-type-simple","27":"col","28":"span_1_of_3","29":"owp-content-center","30":"owp-thumbs-layout-horizontal","31":"owp-btn-normal","32":"owp-tabs-layout-section"},"_links":{"self":[{"href":"https:\/\/uroco.ch\/de\/wp-json\/wp\/v2\/product\/4643","targetHints":{"allow":["GET"]}}],"collection":[{"href":"https:\/\/uroco.ch\/de\/wp-json\/wp\/v2\/product"}],"about":[{"href":"https:\/\/uroco.ch\/de\/wp-json\/wp\/v2\/types\/product"}],"replies":[{"embeddable":true,"href":"https:\/\/uroco.ch\/de\/wp-json\/wp\/v2\/comments?post=4643"}],"version-history":[{"count":8,"href":"https:\/\/uroco.ch\/de\/wp-json\/wp\/v2\/product\/4643\/revisions"}],"predecessor-version":[{"id":14665,"href":"https:\/\/uroco.ch\/de\/wp-json\/wp\/v2\/product\/4643\/revisions\/14665"}],"wp:featuredmedia":[{"embeddable":true,"href":"https:\/\/uroco.ch\/de\/wp-json\/wp\/v2\/media\/11434"}],"wp:attachment":[{"href":"https:\/\/uroco.ch\/de\/wp-json\/wp\/v2\/media?parent=4643"}],"wp:term":[{"taxonomy":"product_brand","embeddable":true,"href":"https:\/\/uroco.ch\/de\/wp-json\/wp\/v2\/product_brand?post=4643"},{"taxonomy":"product_cat","embeddable":true,"href":"https:\/\/uroco.ch\/de\/wp-json\/wp\/v2\/product_cat?post=4643"},{"taxonomy":"product_tag","embeddable":true,"href":"https:\/\/uroco.ch\/de\/wp-json\/wp\/v2\/product_tag?post=4643"}],"curies":[{"name":"wp","href":"https:\/\/api.w.org\/{rel}","templated":true}]}}