{"id":14873,"date":"2022-11-02T12:05:43","date_gmt":"2022-11-02T11:05:43","guid":{"rendered":"https:\/\/uroco.ch\/?post_type=product&#038;p=14873"},"modified":"2025-12-01T00:04:49","modified_gmt":"2025-11-30T23:04:49","slug":"abdeckband-kanban","status":"publish","type":"product","link":"https:\/\/uroco.ch\/de\/masking-tape-kanban\/","title":{"rendered":"MASKING TAPE [kanban]"},"content":{"rendered":"<p>In den alten japanischen Stra\u00dfen waren die Gesch\u00e4fte mit Schildern versehen, auf denen ein einziges Zeichen f\u00fcr ihre Dienstleistungen oder Produkte stand. So stand beispielsweise \"Ha\" (Zahn) f\u00fcr eine Zahnklinik, \"Sake\" (Alkohol) f\u00fcr ein Spirituosengesch\u00e4ft, \"Kusuri\" (Medizin) f\u00fcr eine Apotheke und \"Hon\" (Buch) f\u00fcr einen Buchladen.<br \/>\nJedes dieser Ein-Zeichen-Schilder verwendete unterschiedliche Schriftarten und Designs und trug so zur einzigartigen Atmosph\u00e4re der Stra\u00dfen jener Zeit bei.<\/p>\n<p>Dieses Abdeckband hat ein charmantes Design mit den charakteristischen Ein-Zeichen-Zeichen (Kanban), die Ihnen einen nostalgischen Blick auf traditionelle japanische Stadtbilder erm\u00f6glichen.<\/p>\n<p>Perfekt f\u00fcr Geschenkverpackungen, Karten, Collagen und mehr, um Ihren Kreationen einen einzigartigen Touch zu verleihen. Dieses dekorative Papierklebeband ist einfach zu verwenden und zu entfernen und somit ideal f\u00fcr eine Vielzahl von kreativen Projekten.<\/p>\n<p>&nbsp;<\/p>\n<p><a href=\"https:\/\/uroco.ch\/wp-content\/uploads\/2024\/08\/logo_cobato.png\"><img decoding=\"async\" class=\"alignnone wp-image-12711\" src=\"https:\/\/uroco.ch\/wp-content\/uploads\/2024\/08\/logo_cobato.png\" alt=\"\" width=\"147\" height=\"47\" title=\"\" srcset=\"https:\/\/uroco.ch\/wp-content\/uploads\/2024\/08\/logo_cobato.png 150w, https:\/\/uroco.ch\/wp-content\/uploads\/2024\/08\/logo_cobato-18x6.png 18w\" sizes=\"(max-width: 147px) 100vw, 147px\" \/><\/a><br \/>\nCobato is a Japanese company producing simple and unique stationary for a joyful life. Their products are funny and something very special, something surprising you did not imagine.<br \/>\nAll items are inspired from Japanese products and other interesting motives and stories.<\/p>","protected":false},"excerpt":{"rendered":"<p>In old Japanese streets, shops displayed signs featuring a single character that indicated their services or products. For example, &#8220;Ha&#8221; (tooth) represented a dental clinic, &#8220;Sake&#8221; (alcohol) a liquor store, &#8220;Kusuri&#8221; (medicine) a pharmacy, and &#8220;Hon&#8221; (book) a bookstore, making it easy for visitors to understand what each shop offered at a glance. Each of [&hellip;]<\/p>\n","protected":false},"featured_media":15029,"comment_status":"closed","ping_status":"closed","template":"","meta":{"ocean_post_layout":"","ocean_both_sidebars_style":"","ocean_both_sidebars_content_width":0,"ocean_both_sidebars_sidebars_width":0,"ocean_sidebar":"0","ocean_second_sidebar":"0","ocean_disable_margins":"enable","ocean_add_body_class":"","ocean_shortcode_before_top_bar":"","ocean_shortcode_after_top_bar":"","ocean_shortcode_before_header":"","ocean_shortcode_after_header":"","ocean_has_shortcode":"","ocean_shortcode_after_title":"","ocean_shortcode_before_footer_widgets":"","ocean_shortcode_after_footer_widgets":"","ocean_shortcode_before_footer_bottom":"","ocean_shortcode_after_footer_bottom":"","ocean_display_top_bar":"default","ocean_display_header":"default","ocean_header_style":"","ocean_center_header_left_menu":"0","ocean_custom_header_template":"0","ocean_custom_logo":0,"ocean_custom_retina_logo":0,"ocean_custom_logo_max_width":0,"ocean_custom_logo_tablet_max_width":0,"ocean_custom_logo_mobile_max_width":0,"ocean_custom_logo_max_height":0,"ocean_custom_logo_tablet_max_height":0,"ocean_custom_logo_mobile_max_height":0,"ocean_header_custom_menu":"0","ocean_menu_typo_font_family":"0","ocean_menu_typo_font_subset":"","ocean_menu_typo_font_size":0,"ocean_menu_typo_font_size_tablet":0,"ocean_menu_typo_font_size_mobile":0,"ocean_menu_typo_font_size_unit":"px","ocean_menu_typo_font_weight":"","ocean_menu_typo_font_weight_tablet":"","ocean_menu_typo_font_weight_mobile":"","ocean_menu_typo_transform":"","ocean_menu_typo_transform_tablet":"","ocean_menu_typo_transform_mobile":"","ocean_menu_typo_line_height":0,"ocean_menu_typo_line_height_tablet":0,"ocean_menu_typo_line_height_mobile":0,"ocean_menu_typo_line_height_unit":"","ocean_menu_typo_spacing":0,"ocean_menu_typo_spacing_tablet":0,"ocean_menu_typo_spacing_mobile":0,"ocean_menu_typo_spacing_unit":"","ocean_menu_link_color":"","ocean_menu_link_color_hover":"","ocean_menu_link_color_active":"","ocean_menu_link_background":"","ocean_menu_link_hover_background":"","ocean_menu_link_active_background":"","ocean_menu_social_links_bg":"","ocean_menu_social_hover_links_bg":"","ocean_menu_social_links_color":"","ocean_menu_social_hover_links_color":"","ocean_disable_title":"default","ocean_disable_heading":"default","ocean_post_title":"","ocean_post_subheading":"","ocean_post_title_style":"","ocean_post_title_background_color":"","ocean_post_title_background":0,"ocean_post_title_bg_image_position":"","ocean_post_title_bg_image_attachment":"","ocean_post_title_bg_image_repeat":"","ocean_post_title_bg_image_size":"","ocean_post_title_height":0,"ocean_post_title_bg_overlay":0.5,"ocean_post_title_bg_overlay_color":"","ocean_disable_breadcrumbs":"default","ocean_breadcrumbs_color":"","ocean_breadcrumbs_separator_color":"","ocean_breadcrumbs_links_color":"","ocean_breadcrumbs_links_hover_color":"","ocean_display_footer_widgets":"default","ocean_display_footer_bottom":"default","ocean_custom_footer_template":"0"},"product_brand":[],"product_cat":[688],"product_tag":[1162,363,1166,1029,1043,1161,987,926,1165,1042],"class_list":{"0":"post-14873","1":"product","2":"type-product","3":"status-publish","4":"has-post-thumbnail","6":"product_cat-stationary","7":"product_tag-cobato","8":"product_tag-japan","9":"product_tag-japanese-curtain","10":"product_tag-japanese-design","11":"product_tag-japanese-souvenir","12":"product_tag-japanese-stationary","13":"product_tag-made-in-japan","14":"product_tag-masking-tape","15":"product_tag-noren","16":"product_tag-souvenir","17":"product_shipping_class-small-shippment","18":"pa_brand-cobato","19":"pa_material-paper","20":"pa_size-o4-5cm-w1-5-x-l100-cm","22":"entry","23":"has-media","25":"first","26":"instock","27":"shipping-taxable","28":"purchasable","29":"product-type-simple","30":"col","31":"span_1_of_3","32":"owp-content-center","33":"owp-thumbs-layout-horizontal","34":"owp-btn-normal","35":"owp-tabs-layout-section"},"_links":{"self":[{"href":"https:\/\/uroco.ch\/de\/wp-json\/wp\/v2\/product\/14873","targetHints":{"allow":["GET"]}}],"collection":[{"href":"https:\/\/uroco.ch\/de\/wp-json\/wp\/v2\/product"}],"about":[{"href":"https:\/\/uroco.ch\/de\/wp-json\/wp\/v2\/types\/product"}],"replies":[{"embeddable":true,"href":"https:\/\/uroco.ch\/de\/wp-json\/wp\/v2\/comments?post=14873"}],"version-history":[{"count":3,"href":"https:\/\/uroco.ch\/de\/wp-json\/wp\/v2\/product\/14873\/revisions"}],"predecessor-version":[{"id":14893,"href":"https:\/\/uroco.ch\/de\/wp-json\/wp\/v2\/product\/14873\/revisions\/14893"}],"wp:featuredmedia":[{"embeddable":true,"href":"https:\/\/uroco.ch\/de\/wp-json\/wp\/v2\/media\/15029"}],"wp:attachment":[{"href":"https:\/\/uroco.ch\/de\/wp-json\/wp\/v2\/media?parent=14873"}],"wp:term":[{"taxonomy":"product_brand","embeddable":true,"href":"https:\/\/uroco.ch\/de\/wp-json\/wp\/v2\/product_brand?post=14873"},{"taxonomy":"product_cat","embeddable":true,"href":"https:\/\/uroco.ch\/de\/wp-json\/wp\/v2\/product_cat?post=14873"},{"taxonomy":"product_tag","embeddable":true,"href":"https:\/\/uroco.ch\/de\/wp-json\/wp\/v2\/product_tag?post=14873"}],"curies":[{"name":"wp","href":"https:\/\/api.w.org\/{rel}","templated":true}]}}