{"id":13635,"date":"2022-11-11T23:30:02","date_gmt":"2022-11-11T22:30:02","guid":{"rendered":"https:\/\/uroco.ch\/?post_type=product&#038;p=13635"},"modified":"2025-12-22T22:56:24","modified_gmt":"2025-12-22T21:56:24","slug":"hankachi-baumwolle-taschentuch-kamelie","status":"publish","type":"product","link":"https:\/\/uroco.ch\/de\/hankachi-cotton-handkerchief-camellia\/","title":{"rendered":"HANKACHI &#8211; Cotton Handkerchief [camellia]"},"content":{"rendered":"<p>Die Kamelie von Makumo zeichnet sich durch ihre schlanken Bl\u00e4tter aus, die die Bl\u00fcte hervorheben und sie zu einem der charakteristischen Designs des Unternehmens machen.<\/p>\n<p>Es handelt sich um ein Taschentuch aus einfachem Stoff, auf dem das Muster von Makumo aufgedruckt ist.<br \/>\nDank seiner quadratischen Form kann es vielseitig als Halstuch oder zum Einpacken einer Lunchbox verwendet werden. Au\u00dferdem sorgt die Verwendung als Serviette f\u00fcr einen Hauch von Spa\u00df beim Essen<\/p>\n<p>\u25a0 Gr\u00f6\u00dfe und Muster \u25a0<br \/>\nAlle Hankachi werden im Atelier Makumo handgefertigt,<br \/>\nDaher ist jedes St\u00fcck einzigartig und variiert leicht in Gr\u00f6\u00dfe und Farbe.<\/p>\n<p>&nbsp;<\/p>\n<p><img decoding=\"async\" class=\"alignnone size-full wp-image-1790\" src=\"https:\/\/uroco.ch\/wp-content\/uploads\/2019\/06\/makumo.png\" alt=\"\" width=\"160\" height=\"32.5\" title=\"\"><br \/>\nDas kleine Atelier von Makumo liegt in der N\u00e4he des Meeres in Itoshima, Fukuoka.<br \/>\nEntw\u00fcrfe von Miki, gedruckt auf Textilien von Tomota und ges\u00e4gt von Yukiko<br \/>\nbilden die einzigartigen Textilprodukte von Makumo.<br \/>\nMakumo ist der Name eines alten Instruments, von dem niemand wei\u00df, welchen Klang es erzeugt und wie es aussieht.<br \/>\nSo kann sich jeder seine eigene Vorstellung davon machen, was Makumo ist: Die Muster von Makumo entspringen vielen Vorstellungen, und es kommen immer wieder neue hinzu.<\/p>\n<p>Makumo w\u00fcnscht Ihnen viel Spa\u00df mit seiner Vorstellung von einer unbekannten Welt.<\/p>\n<p><img fetchpriority=\"high\" decoding=\"async\" class=\"alignnone wp-image-6480 size-full\" src=\"https:\/\/uroco.ch\/wp-content\/uploads\/2020\/02\/makumo\u767d\u9ed2.jpeg\" alt=\"\" width=\"1680\" height=\"313\" title=\"\" srcset=\"https:\/\/uroco.ch\/wp-content\/uploads\/2020\/02\/makumo\u767d\u9ed2.jpeg 1000w, https:\/\/uroco.ch\/wp-content\/uploads\/2020\/02\/makumo\u767d\u9ed2-300x56.jpeg 300w, https:\/\/uroco.ch\/wp-content\/uploads\/2020\/02\/makumo\u767d\u9ed2-1024x191.jpeg 1024w, https:\/\/uroco.ch\/wp-content\/uploads\/2020\/02\/makumo\u767d\u9ed2-768x143.jpeg 768w, https:\/\/uroco.ch\/wp-content\/uploads\/2020\/02\/makumo\u767d\u9ed2-1536x286.jpeg 1536w, https:\/\/uroco.ch\/wp-content\/uploads\/2020\/02\/makumo\u767d\u9ed2-600x112.jpeg 600w\" sizes=\"(max-width: 1680px) 100vw, 1680px\" \/><\/p>","protected":false},"excerpt":{"rendered":"<p>Makumo\u2019s camellia features slender leaves that highlight the flower, making it one of its signature designs. This is a handkerchief made of plain-woven fabric with Makumo\u2019s pattern printed on it. Its square shape makes it versatile for use as a bandana or for wrapping a lunch box. Additionally, using it as a serviette adds a [&hellip;]<\/p>\n","protected":false},"featured_media":13759,"comment_status":"closed","ping_status":"closed","template":"","meta":{"ocean_post_layout":"","ocean_both_sidebars_style":"","ocean_both_sidebars_content_width":0,"ocean_both_sidebars_sidebars_width":0,"ocean_sidebar":"0","ocean_second_sidebar":"0","ocean_disable_margins":"enable","ocean_add_body_class":"","ocean_shortcode_before_top_bar":"","ocean_shortcode_after_top_bar":"","ocean_shortcode_before_header":"","ocean_shortcode_after_header":"","ocean_has_shortcode":"","ocean_shortcode_after_title":"","ocean_shortcode_before_footer_widgets":"","ocean_shortcode_after_footer_widgets":"","ocean_shortcode_before_footer_bottom":"","ocean_shortcode_after_footer_bottom":"","ocean_display_top_bar":"default","ocean_display_header":"default","ocean_header_style":"","ocean_center_header_left_menu":"0","ocean_custom_header_template":"0","ocean_custom_logo":0,"ocean_custom_retina_logo":0,"ocean_custom_logo_max_width":0,"ocean_custom_logo_tablet_max_width":0,"ocean_custom_logo_mobile_max_width":0,"ocean_custom_logo_max_height":0,"ocean_custom_logo_tablet_max_height":0,"ocean_custom_logo_mobile_max_height":0,"ocean_header_custom_menu":"0","ocean_menu_typo_font_family":"0","ocean_menu_typo_font_subset":"","ocean_menu_typo_font_size":0,"ocean_menu_typo_font_size_tablet":0,"ocean_menu_typo_font_size_mobile":0,"ocean_menu_typo_font_size_unit":"px","ocean_menu_typo_font_weight":"","ocean_menu_typo_font_weight_tablet":"","ocean_menu_typo_font_weight_mobile":"","ocean_menu_typo_transform":"","ocean_menu_typo_transform_tablet":"","ocean_menu_typo_transform_mobile":"","ocean_menu_typo_line_height":0,"ocean_menu_typo_line_height_tablet":0,"ocean_menu_typo_line_height_mobile":0,"ocean_menu_typo_line_height_unit":"","ocean_menu_typo_spacing":0,"ocean_menu_typo_spacing_tablet":0,"ocean_menu_typo_spacing_mobile":0,"ocean_menu_typo_spacing_unit":"","ocean_menu_link_color":"","ocean_menu_link_color_hover":"","ocean_menu_link_color_active":"","ocean_menu_link_background":"","ocean_menu_link_hover_background":"","ocean_menu_link_active_background":"","ocean_menu_social_links_bg":"","ocean_menu_social_hover_links_bg":"","ocean_menu_social_links_color":"","ocean_menu_social_hover_links_color":"","ocean_disable_title":"default","ocean_disable_heading":"default","ocean_post_title":"","ocean_post_subheading":"","ocean_post_title_style":"","ocean_post_title_background_color":"","ocean_post_title_background":0,"ocean_post_title_bg_image_position":"","ocean_post_title_bg_image_attachment":"","ocean_post_title_bg_image_repeat":"","ocean_post_title_bg_image_size":"","ocean_post_title_height":0,"ocean_post_title_bg_overlay":0.5,"ocean_post_title_bg_overlay_color":"","ocean_disable_breadcrumbs":"default","ocean_breadcrumbs_color":"","ocean_breadcrumbs_separator_color":"","ocean_breadcrumbs_links_color":"","ocean_breadcrumbs_links_hover_color":"","ocean_display_footer_widgets":"default","ocean_display_footer_bottom":"default","ocean_custom_footer_template":"0"},"product_brand":[],"product_cat":[689,691],"product_tag":[667,1208,1209,1029,987],"class_list":{"0":"post-13635","1":"product","2":"type-product","3":"status-publish","4":"has-post-thumbnail","6":"product_cat-home-accessories","7":"product_cat-textiles","8":"product_tag-camellia","9":"product_tag-handkerchief","10":"product_tag-japanese-cotton","11":"product_tag-japanese-design","12":"product_tag-made-in-japan","13":"product_shipping_class-small-shippment","14":"pa_brand-makumo","15":"pa_care-intruction-colors-may-fade-with-friction","16":"pa_care-intruction-do-not-soak-or-leave-wet","17":"pa_care-intruction-do-not-tumble-dry","18":"pa_care-intruction-wash-at-40-c","19":"pa_material-cotton","20":"pa_size-48-x-48-cm","22":"entry","23":"has-media","25":"first","26":"instock","27":"shipping-taxable","28":"purchasable","29":"product-type-simple","30":"col","31":"span_1_of_3","32":"owp-content-center","33":"owp-thumbs-layout-horizontal","34":"owp-btn-normal","35":"owp-tabs-layout-section"},"_links":{"self":[{"href":"https:\/\/uroco.ch\/de\/wp-json\/wp\/v2\/product\/13635","targetHints":{"allow":["GET"]}}],"collection":[{"href":"https:\/\/uroco.ch\/de\/wp-json\/wp\/v2\/product"}],"about":[{"href":"https:\/\/uroco.ch\/de\/wp-json\/wp\/v2\/types\/product"}],"replies":[{"embeddable":true,"href":"https:\/\/uroco.ch\/de\/wp-json\/wp\/v2\/comments?post=13635"}],"version-history":[{"count":4,"href":"https:\/\/uroco.ch\/de\/wp-json\/wp\/v2\/product\/13635\/revisions"}],"predecessor-version":[{"id":14123,"href":"https:\/\/uroco.ch\/de\/wp-json\/wp\/v2\/product\/13635\/revisions\/14123"}],"wp:featuredmedia":[{"embeddable":true,"href":"https:\/\/uroco.ch\/de\/wp-json\/wp\/v2\/media\/13759"}],"wp:attachment":[{"href":"https:\/\/uroco.ch\/de\/wp-json\/wp\/v2\/media?parent=13635"}],"wp:term":[{"taxonomy":"product_brand","embeddable":true,"href":"https:\/\/uroco.ch\/de\/wp-json\/wp\/v2\/product_brand?post=13635"},{"taxonomy":"product_cat","embeddable":true,"href":"https:\/\/uroco.ch\/de\/wp-json\/wp\/v2\/product_cat?post=13635"},{"taxonomy":"product_tag","embeddable":true,"href":"https:\/\/uroco.ch\/de\/wp-json\/wp\/v2\/product_tag?post=13635"}],"curies":[{"name":"wp","href":"https:\/\/api.w.org\/{rel}","templated":true}]}}