{"id":13535,"date":"2022-11-11T01:10:17","date_gmt":"2022-11-11T00:10:17","guid":{"rendered":"https:\/\/uroco.ch\/?post_type=product&#038;p=13535"},"modified":"2025-12-08T22:31:41","modified_gmt":"2025-12-08T21:31:41","slug":"tenugui-baumwollhandtuch-natto","status":"publish","type":"product","link":"https:\/\/uroco.ch\/de\/tenugui-cotton-towel-natto\/","title":{"rendered":"TENUGUI &#8211; Cotton Towel [natto]"},"content":{"rendered":"<p>Natto ist ein traditionelles fermentiertes Lebensmittel in Japan, das viele Japaner kennen und das auf ihrem Esstisch nicht fehlen darf. Seine Schleimigkeit und sein einzigartiger Geruch k\u00f6nnen es jedoch f\u00fcr manche unsympathisch machen. Aber dieses Natto-Muster entsteht durch das Fermentieren von Tupfen, und es besteht kein Zweifel daran, dass selbst diejenigen, die Natto normalerweise meiden, es lieben werden!<\/p>\n<p>TENUGUI ist ein traditionelles, d\u00fcnnes japanisches Handtuch aus Baumwolle.<br \/>\nDas traditionelle Tenugui ist einfach gewebt und daher eher d\u00fcnn und hart,<br \/>\nMakumo verwendet doppelte Gaze, die ihnen eine sehr weiche Textur verleiht.<\/p>\n<p>Die Tenuguis von Makumo k\u00f6nnen vielseitig eingesetzt werden.<br \/>\nAls Hand- oder Gesichtstuch, zum Einpacken der Lunchbox oder sogar als kleiner Schal.<br \/>\nWo auch immer sie eingesetzt werden, setzen sie einen farbigen Akzent in Ihrem Alltag.<\/p>\n<p>\u25a0 Gr\u00f6\u00dfe und Muster \u25a0<br \/>\nAlle Tenuguis werden im Atelier Makumo handgefertigt,<br \/>\nDaher ist jedes St\u00fcck einzigartig und variiert leicht in Gr\u00f6\u00dfe und Farbe.<\/p>\n<p>\u25a0 Stoffqualit\u00e4t \u25a0<br \/>\nMakumo bedruckt alle seine Tenuguis mit Stoffen aus Hamamatsu.<br \/>\nHamamatsu ist ber\u00fchmt f\u00fcr seinen Stoff, denn das warme Wetter dort ist ideal f\u00fcr den Baumwollanbau.<br \/>\nDie Verwendung von doppelter Gaze macht das Tuch weich.<br \/>\nDar\u00fcber hinaus haben sie eine hohe Atmungsaktivit\u00e4t und Wasseraufnahmef\u00e4higkeit.<\/p>\n<p>&nbsp;<\/p>\n<p><img decoding=\"async\" class=\"alignnone size-full wp-image-1790\" src=\"https:\/\/uroco.ch\/wp-content\/uploads\/2019\/06\/makumo.png\" alt=\"\" width=\"160\" height=\"32.5\" title=\"\"><br \/>\nDas kleine Atelier von Makumo liegt in der N\u00e4he des Meeres in Itoshima, Fukuoka.<br \/>\nEntw\u00fcrfe von Miki, gedruckt auf Textilien von Tomota und ges\u00e4gt von Yukiko<br \/>\nbilden die einzigartigen Textilprodukte von Makumo.<br \/>\nMakumo ist der Name eines alten Instruments, von dem niemand wei\u00df, welchen Klang es erzeugt und wie es aussieht.<br \/>\nSo kann sich jeder seine eigene Vorstellung davon machen, was Makumo ist: Die Muster von Makumo entspringen vielen Vorstellungen, und es kommen immer wieder neue hinzu.<\/p>\n<p>Makumo w\u00fcnscht Ihnen viel Spa\u00df mit seiner Vorstellung von einer unbekannten Welt.<\/p>\n<p><img fetchpriority=\"high\" decoding=\"async\" class=\"alignnone wp-image-6480 size-full\" src=\"https:\/\/uroco.ch\/wp-content\/uploads\/2020\/02\/makumo\u767d\u9ed2.jpeg\" alt=\"\" width=\"1680\" height=\"313\" title=\"\" srcset=\"https:\/\/uroco.ch\/wp-content\/uploads\/2020\/02\/makumo\u767d\u9ed2.jpeg 1000w, https:\/\/uroco.ch\/wp-content\/uploads\/2020\/02\/makumo\u767d\u9ed2-300x56.jpeg 300w, https:\/\/uroco.ch\/wp-content\/uploads\/2020\/02\/makumo\u767d\u9ed2-1024x191.jpeg 1024w, https:\/\/uroco.ch\/wp-content\/uploads\/2020\/02\/makumo\u767d\u9ed2-768x143.jpeg 768w, https:\/\/uroco.ch\/wp-content\/uploads\/2020\/02\/makumo\u767d\u9ed2-1536x286.jpeg 1536w, https:\/\/uroco.ch\/wp-content\/uploads\/2020\/02\/makumo\u767d\u9ed2-600x112.jpeg 600w\" sizes=\"(max-width: 1680px) 100vw, 1680px\" \/><\/p>","protected":false},"excerpt":{"rendered":"<p>Natto is a traditional fermented food in Japan, familiar to many Japanese people and an essential part of their dining table. However, its sliminess and unique smell can make it unappealing to some. But this natto pattern is created by fermenting polka dots, and there\u2019s no doubt that even those who usually avoid natto will [&hellip;]<\/p>\n","protected":false},"featured_media":13674,"comment_status":"closed","ping_status":"closed","template":"","meta":{"ocean_post_layout":"","ocean_both_sidebars_style":"","ocean_both_sidebars_content_width":0,"ocean_both_sidebars_sidebars_width":0,"ocean_sidebar":"0","ocean_second_sidebar":"0","ocean_disable_margins":"enable","ocean_add_body_class":"","ocean_shortcode_before_top_bar":"","ocean_shortcode_after_top_bar":"","ocean_shortcode_before_header":"","ocean_shortcode_after_header":"","ocean_has_shortcode":"","ocean_shortcode_after_title":"","ocean_shortcode_before_footer_widgets":"","ocean_shortcode_after_footer_widgets":"","ocean_shortcode_before_footer_bottom":"","ocean_shortcode_after_footer_bottom":"","ocean_display_top_bar":"default","ocean_display_header":"default","ocean_header_style":"","ocean_center_header_left_menu":"0","ocean_custom_header_template":"0","ocean_custom_logo":0,"ocean_custom_retina_logo":0,"ocean_custom_logo_max_width":0,"ocean_custom_logo_tablet_max_width":0,"ocean_custom_logo_mobile_max_width":0,"ocean_custom_logo_max_height":0,"ocean_custom_logo_tablet_max_height":0,"ocean_custom_logo_mobile_max_height":0,"ocean_header_custom_menu":"0","ocean_menu_typo_font_family":"0","ocean_menu_typo_font_subset":"","ocean_menu_typo_font_size":0,"ocean_menu_typo_font_size_tablet":0,"ocean_menu_typo_font_size_mobile":0,"ocean_menu_typo_font_size_unit":"px","ocean_menu_typo_font_weight":"","ocean_menu_typo_font_weight_tablet":"","ocean_menu_typo_font_weight_mobile":"","ocean_menu_typo_transform":"","ocean_menu_typo_transform_tablet":"","ocean_menu_typo_transform_mobile":"","ocean_menu_typo_line_height":0,"ocean_menu_typo_line_height_tablet":0,"ocean_menu_typo_line_height_mobile":0,"ocean_menu_typo_line_height_unit":"","ocean_menu_typo_spacing":0,"ocean_menu_typo_spacing_tablet":0,"ocean_menu_typo_spacing_mobile":0,"ocean_menu_typo_spacing_unit":"","ocean_menu_link_color":"","ocean_menu_link_color_hover":"","ocean_menu_link_color_active":"","ocean_menu_link_background":"","ocean_menu_link_hover_background":"","ocean_menu_link_active_background":"","ocean_menu_social_links_bg":"","ocean_menu_social_hover_links_bg":"","ocean_menu_social_links_color":"","ocean_menu_social_hover_links_color":"","ocean_disable_title":"default","ocean_disable_heading":"default","ocean_post_title":"","ocean_post_subheading":"","ocean_post_title_style":"","ocean_post_title_background_color":"","ocean_post_title_background":0,"ocean_post_title_bg_image_position":"","ocean_post_title_bg_image_attachment":"","ocean_post_title_bg_image_repeat":"","ocean_post_title_bg_image_size":"","ocean_post_title_height":0,"ocean_post_title_bg_overlay":0.5,"ocean_post_title_bg_overlay_color":"","ocean_disable_breadcrumbs":"default","ocean_breadcrumbs_color":"","ocean_breadcrumbs_separator_color":"","ocean_breadcrumbs_links_color":"","ocean_breadcrumbs_links_hover_color":"","ocean_display_footer_widgets":"default","ocean_display_footer_bottom":"default","ocean_custom_footer_template":"0"},"product_brand":[],"product_cat":[689,691],"product_tag":[673,1029,1207,987,674,672],"class_list":{"0":"post-13535","1":"product","2":"type-product","3":"status-publish","4":"has-post-thumbnail","6":"product_cat-home-accessories","7":"product_cat-textiles","8":"product_tag-cotton-towel","9":"product_tag-japanese-design","10":"product_tag-japanese-towel","11":"product_tag-made-in-japan","12":"product_tag-natto","13":"product_tag-tenugui","14":"product_shipping_class-small-shippment","15":"pa_brand-makumo","16":"pa_care-intruction-colors-may-fade-with-friction","17":"pa_care-intruction-do-not-soak-or-leave-wet","18":"pa_care-intruction-do-not-tumble-dry","19":"pa_care-intruction-wash-at-40-c","20":"pa_material-cotton","21":"pa_size-approx-105-x-35-cm","23":"entry","24":"has-media","26":"first","27":"instock","28":"shipping-taxable","29":"purchasable","30":"product-type-variable","31":"col","32":"span_1_of_3","33":"owp-content-center","34":"owp-thumbs-layout-horizontal","35":"owp-btn-normal","36":"owp-tabs-layout-section"},"_links":{"self":[{"href":"https:\/\/uroco.ch\/de\/wp-json\/wp\/v2\/product\/13535","targetHints":{"allow":["GET"]}}],"collection":[{"href":"https:\/\/uroco.ch\/de\/wp-json\/wp\/v2\/product"}],"about":[{"href":"https:\/\/uroco.ch\/de\/wp-json\/wp\/v2\/types\/product"}],"replies":[{"embeddable":true,"href":"https:\/\/uroco.ch\/de\/wp-json\/wp\/v2\/comments?post=13535"}],"version-history":[{"count":4,"href":"https:\/\/uroco.ch\/de\/wp-json\/wp\/v2\/product\/13535\/revisions"}],"predecessor-version":[{"id":13772,"href":"https:\/\/uroco.ch\/de\/wp-json\/wp\/v2\/product\/13535\/revisions\/13772"}],"wp:featuredmedia":[{"embeddable":true,"href":"https:\/\/uroco.ch\/de\/wp-json\/wp\/v2\/media\/13674"}],"wp:attachment":[{"href":"https:\/\/uroco.ch\/de\/wp-json\/wp\/v2\/media?parent=13535"}],"wp:term":[{"taxonomy":"product_brand","embeddable":true,"href":"https:\/\/uroco.ch\/de\/wp-json\/wp\/v2\/product_brand?post=13535"},{"taxonomy":"product_cat","embeddable":true,"href":"https:\/\/uroco.ch\/de\/wp-json\/wp\/v2\/product_cat?post=13535"},{"taxonomy":"product_tag","embeddable":true,"href":"https:\/\/uroco.ch\/de\/wp-json\/wp\/v2\/product_tag?post=13535"}],"curies":[{"name":"wp","href":"https:\/\/api.w.org\/{rel}","templated":true}]}}