{"id":13292,"date":"2022-12-01T02:35:57","date_gmt":"2022-12-01T01:35:57","guid":{"rendered":"https:\/\/uroco.ch\/?post_type=product&#038;p=13292"},"modified":"2025-12-22T09:58:40","modified_gmt":"2025-12-22T08:58:40","slug":"flaschenvase-aus-porzellan-21","status":"publish","type":"product","link":"https:\/\/uroco.ch\/de\/porcelain-bottle-vase-21\/","title":{"rendered":"PORZELLAN-FLASCHENVASE #21"},"content":{"rendered":"<p>Nachdem er \u00fcber die Verschmutzung durch Plastik gelesen hatte, begann der Sch\u00f6pfer Foekje Fleur, den Fluss Maas, der durch seine Heimatstadt Rotterdam in den Niederlanden flie\u00dft, genauer unter die Lupe zu nehmen. Dort hatte sich seit den 1960er Jahren Plastikm\u00fcll angesammelt.<br \/>\nIn Anlehnung an diese ernste Situation schuf sie die Flaschenvase aus Porzellan. Indem sie haltbare Porzellankopien des Materials herstellt, versucht sie, das Bewusstsein f\u00fcr dieses wachsende Problem zu sch\u00e4rfen.<\/p>\n<p>\u3010wolrd collection\u3011<br \/>\nDiese Serie wird in Portugal handgefertigt. Die Plastikflaschen werden zur Herstellung von Formen verwendet. Pigmentiertes fl\u00fcssiges Porzellan wird in die Formen gegossen, wobei eine d\u00fcnne Schicht zur\u00fcckbleibt, die die Form bildet. Nach dem Trocknen wird das Innere der Flasche bleifrei glasiert und bei 1300 \u00b0C gebrannt. All diese Handarbeit wird von einem Team von sieben Handwerkern ausgef\u00fchrt, daher ist keine der Flaschen genau gleich. Das gezeigte Bild ist ein Anhaltspunkt, kleine Farbabweichungen sind m\u00f6glich. Insgesamt ist die Oberfl\u00e4che glatt, aber kleine Fehler k\u00f6nnen vorkommen und sollten als Qualit\u00e4t des Produkts betrachtet werden. Die Vasen werden plastikfrei, doppelt verpackt und mit einer Brosch\u00fcre verschickt.<\/p>\n<p>\u3010Pflegehinweise\u3011<br \/>\nNach dem Gebrauch der Vase waschen Sie die Flasche mit milder Seife, warmem Wasser und einer B\u00fcrste.<br \/>\nLassen Sie es auf einem sauberen Handtuch trocknen.<br \/>\n\u30fbFettflecken lassen sich durch Einreiben in Schmierseife, Einwirkenlassen \u00fcber Nacht und Reinigen wie oben beschrieben entfernen.<br \/>\nBewahren Sie diese Flasche immer im Haus auf und lagern Sie sie an einem trockenen Ort, da mit der Zeit feuchter Schmutz in die \u00e4u\u00dfere Oberfl\u00e4che eindringen kann.<br \/>\nFl\u00fcssigkeiten k\u00f6nnen auch in der Flaschenvase aufbewahrt werden; wir empfehlen, die Flasche mit einem Korken zu verschlie\u00dfen.<\/p>\n<p>&nbsp;<\/p>\n<p><img decoding=\"async\" class=\"alignnone wp-image-1791\" src=\"https:\/\/uroco.ch\/wp-content\/uploads\/2019\/06\/foekjefleur.png\" alt=\"\" width=\"170\" height=\"29\" title=\"\"><br \/>\nNach ihrem Abschluss in Design und Kunst war Foekje Fleur entschlossen, Objekte zu entwerfen, die funktional sind und dennoch Raum zum Nachdenken geben. Ihre farbenfrohen Entw\u00fcrfe wirken verspielt, sind aber von ernsten Themen und ihrem Wunsch, unserer Umwelt zu helfen, inspiriert.<br \/>\n\"F\u00fcr das Projekt Bottle Vase habe ich viele Fl\u00fcsse und Str\u00e4nde besucht und gesehen, welche Auswirkungen die Plastikverschmutzung auf unsere Umwelt hat. Das hat mich dazu inspiriert, Bubble Buddy zu entwerfen, um den von uns verursachten Plastikm\u00fcll zu reduzieren.\"<\/p>","protected":false},"excerpt":{"rendered":"<p>After reading about plastic pollution, the creator Foekje Fleur started looking more carefully at the river Maas, running through the home town Rotterdam in the Netherlands. There was plastic waste which had been accumulating there since the 1960s. Taking inspiration from that serious situation, she created the porcelain bottle vase. By making durable porcelain copies [&hellip;]<\/p>\n","protected":false},"featured_media":11972,"comment_status":"closed","ping_status":"closed","template":"","meta":{"ocean_post_layout":"","ocean_both_sidebars_style":"","ocean_both_sidebars_content_width":0,"ocean_both_sidebars_sidebars_width":0,"ocean_sidebar":"0","ocean_second_sidebar":"0","ocean_disable_margins":"enable","ocean_add_body_class":"","ocean_shortcode_before_top_bar":"","ocean_shortcode_after_top_bar":"","ocean_shortcode_before_header":"","ocean_shortcode_after_header":"","ocean_has_shortcode":"","ocean_shortcode_after_title":"","ocean_shortcode_before_footer_widgets":"","ocean_shortcode_after_footer_widgets":"","ocean_shortcode_before_footer_bottom":"","ocean_shortcode_after_footer_bottom":"","ocean_display_top_bar":"default","ocean_display_header":"default","ocean_header_style":"","ocean_center_header_left_menu":"0","ocean_custom_header_template":"0","ocean_custom_logo":0,"ocean_custom_retina_logo":0,"ocean_custom_logo_max_width":0,"ocean_custom_logo_tablet_max_width":0,"ocean_custom_logo_mobile_max_width":0,"ocean_custom_logo_max_height":0,"ocean_custom_logo_tablet_max_height":0,"ocean_custom_logo_mobile_max_height":0,"ocean_header_custom_menu":"0","ocean_menu_typo_font_family":"0","ocean_menu_typo_font_subset":"","ocean_menu_typo_font_size":0,"ocean_menu_typo_font_size_tablet":0,"ocean_menu_typo_font_size_mobile":0,"ocean_menu_typo_font_size_unit":"px","ocean_menu_typo_font_weight":"","ocean_menu_typo_font_weight_tablet":"","ocean_menu_typo_font_weight_mobile":"","ocean_menu_typo_transform":"","ocean_menu_typo_transform_tablet":"","ocean_menu_typo_transform_mobile":"","ocean_menu_typo_line_height":0,"ocean_menu_typo_line_height_tablet":0,"ocean_menu_typo_line_height_mobile":0,"ocean_menu_typo_line_height_unit":"","ocean_menu_typo_spacing":0,"ocean_menu_typo_spacing_tablet":0,"ocean_menu_typo_spacing_mobile":0,"ocean_menu_typo_spacing_unit":"","ocean_menu_link_color":"","ocean_menu_link_color_hover":"","ocean_menu_link_color_active":"","ocean_menu_link_background":"","ocean_menu_link_hover_background":"","ocean_menu_link_active_background":"","ocean_menu_social_links_bg":"","ocean_menu_social_hover_links_bg":"","ocean_menu_social_links_color":"","ocean_menu_social_hover_links_color":"","ocean_disable_title":"default","ocean_disable_heading":"default","ocean_post_title":"","ocean_post_subheading":"","ocean_post_title_style":"","ocean_post_title_background_color":"","ocean_post_title_background":0,"ocean_post_title_bg_image_position":"","ocean_post_title_bg_image_attachment":"","ocean_post_title_bg_image_repeat":"","ocean_post_title_bg_image_size":"","ocean_post_title_height":0,"ocean_post_title_bg_overlay":0.5,"ocean_post_title_bg_overlay_color":"","ocean_disable_breadcrumbs":"default","ocean_breadcrumbs_color":"","ocean_breadcrumbs_separator_color":"","ocean_breadcrumbs_links_color":"","ocean_breadcrumbs_links_hover_color":"","ocean_display_footer_widgets":"default","ocean_display_footer_bottom":"default","ocean_custom_footer_template":"0"},"product_brand":[],"product_cat":[689],"product_tag":[569,997,995,993,996,1001,998,994],"class_list":{"0":"post-13292","1":"product","2":"type-product","3":"status-publish","4":"has-post-thumbnail","6":"product_cat-home-accessories","7":"product_tag-bottle-vase","8":"product_tag-dutch-design","9":"product_tag-foekje-fleur","10":"product_tag-porcelain-vase","11":"product_tag-recycle","12":"product_tag-river-maas","13":"product_tag-rotterdam","14":"product_tag-save-the-earth","15":"product_shipping_class-normal-shippment","16":"pa_brand-foekje-fleur","17":"pa_material-porcelain","18":"pa_size-h12-8-x-w6-7-x-d3-8","20":"entry","21":"has-media","23":"first","24":"instock","25":"shipping-taxable","26":"purchasable","27":"product-type-variable","28":"col","29":"span_1_of_3","30":"owp-content-center","31":"owp-thumbs-layout-horizontal","32":"owp-btn-normal","33":"owp-tabs-layout-section"},"_links":{"self":[{"href":"https:\/\/uroco.ch\/de\/wp-json\/wp\/v2\/product\/13292","targetHints":{"allow":["GET"]}}],"collection":[{"href":"https:\/\/uroco.ch\/de\/wp-json\/wp\/v2\/product"}],"about":[{"href":"https:\/\/uroco.ch\/de\/wp-json\/wp\/v2\/types\/product"}],"replies":[{"embeddable":true,"href":"https:\/\/uroco.ch\/de\/wp-json\/wp\/v2\/comments?post=13292"}],"version-history":[{"count":3,"href":"https:\/\/uroco.ch\/de\/wp-json\/wp\/v2\/product\/13292\/revisions"}],"predecessor-version":[{"id":15152,"href":"https:\/\/uroco.ch\/de\/wp-json\/wp\/v2\/product\/13292\/revisions\/15152"}],"wp:featuredmedia":[{"embeddable":true,"href":"https:\/\/uroco.ch\/de\/wp-json\/wp\/v2\/media\/11972"}],"wp:attachment":[{"href":"https:\/\/uroco.ch\/de\/wp-json\/wp\/v2\/media?parent=13292"}],"wp:term":[{"taxonomy":"product_brand","embeddable":true,"href":"https:\/\/uroco.ch\/de\/wp-json\/wp\/v2\/product_brand?post=13292"},{"taxonomy":"product_cat","embeddable":true,"href":"https:\/\/uroco.ch\/de\/wp-json\/wp\/v2\/product_cat?post=13292"},{"taxonomy":"product_tag","embeddable":true,"href":"https:\/\/uroco.ch\/de\/wp-json\/wp\/v2\/product_tag?post=13292"}],"curies":[{"name":"wp","href":"https:\/\/api.w.org\/{rel}","templated":true}]}}