{"id":12509,"date":"2024-09-02T01:10:24","date_gmt":"2024-09-01T23:10:24","guid":{"rendered":"https:\/\/uroco.ch\/?post_type=product&#038;p=12509"},"modified":"2025-12-01T00:11:11","modified_gmt":"2025-11-30T23:11:11","slug":"kokeshi-abdeckband-sendai-2","status":"publish","type":"product","link":"https:\/\/uroco.ch\/de\/kokeshi-masking-tape-sendai-2\/","title":{"rendered":"KOKESHI MASKING TAPE [Sendai]"},"content":{"rendered":"<div>\n<div>\n<div>Das Sendai Kokeshi Masking Tape mit verschiedenen Kokeshi Figuren auf gelbem Hintergrund. Es gibt 12 verschiedene Typen der Figuren, mit unterschiedlichen Gesichtsausdr\u00fccken.<\/div>\n<div><\/div>\n<\/div>\n<div><strong>Sendai Kokeshi-Puppen<\/strong>Die Kanigiku, die in Sendai entwickelt wurden, nachdem sie in den hei\u00dfen Quellen der Berge entstanden waren, sind f\u00fcr ihren Gesichtsausdruck bekannt, der an traditionelle Stadtm\u00e4dchen erinnert. Der K\u00f6rper ist mit einem einzigartigen Chrysanthemenmuster namens \"Kanigiku\" geschm\u00fcckt.<\/div>\n<div><\/div>\n<\/div>\n<div><\/div>\n<div>\n<div>\n<p><strong>\u25a0 Sasaki Print und Wiederbelebung von T\u014dhoku \u25a0<\/strong><br \/>\nSasaki Print in der T\u014dhoku-Region wurde 2011 durch das T\u014dhoku-Erdbeben schwer besch\u00e4digt, und die Fabrik wurde vollst\u00e4ndig zerst\u00f6rt. Der Eigent\u00fcmer sah zun\u00e4chst keine Zukunft f\u00fcr seine Fabrik, wurde aber durch die kollektive Anstrengung der Menschen inspiriert, das Gebiet wieder aufzubauen.<\/p>\n<p>Beim Besuch eines Museums in Tokio wurde er inspiriert, ein besonderes Souvenir mit Kokeshi (traditionellen Holzpuppen) aus Nordjapan zu kreieren. Er begann mit der Herstellung verschiedener Kokeshi-Clips und verpackte sie in wundersch\u00f6nen kleinen Streichholzschachteln. Diese charmanten Produkte wurden schnell zu beliebten Souvenirs.<\/p>\n<p>Dank des Erfolgs der Kokeshi-Clips hat er weiterhin neue Produkte hergestellt und zum Wiederaufbau von T\u014dhoku beigetragen. Es ist zu hoffen, dass diese sch\u00f6nen Produkte viele Besucher anziehen und die Menschen ermutigen werden, in die Region T\u014dhoku zur\u00fcckzukehren.<\/p>\n<\/div>\n<\/div>","protected":false},"excerpt":{"rendered":"<p>The Sendai Kokeshi Masking Tape features a very cute design, with vertically lined Kokeshi dolls set against a yellow background. There are twelve different types of Sendai Kokeshi dolls depicted in order, showcasing variations in their facial expressions and body patterns. Sendai Kokeshi dolls, developed in Sendai after originating in mountain hot springs, are known [&hellip;]<\/p>\n","protected":false},"featured_media":14314,"comment_status":"closed","ping_status":"closed","template":"","meta":{"ocean_post_layout":"","ocean_both_sidebars_style":"","ocean_both_sidebars_content_width":0,"ocean_both_sidebars_sidebars_width":0,"ocean_sidebar":"0","ocean_second_sidebar":"0","ocean_disable_margins":"enable","ocean_add_body_class":"","ocean_shortcode_before_top_bar":"","ocean_shortcode_after_top_bar":"","ocean_shortcode_before_header":"","ocean_shortcode_after_header":"","ocean_has_shortcode":"","ocean_shortcode_after_title":"","ocean_shortcode_before_footer_widgets":"","ocean_shortcode_after_footer_widgets":"","ocean_shortcode_before_footer_bottom":"","ocean_shortcode_after_footer_bottom":"","ocean_display_top_bar":"default","ocean_display_header":"default","ocean_header_style":"","ocean_center_header_left_menu":"0","ocean_custom_header_template":"0","ocean_custom_logo":0,"ocean_custom_retina_logo":0,"ocean_custom_logo_max_width":0,"ocean_custom_logo_tablet_max_width":0,"ocean_custom_logo_mobile_max_width":0,"ocean_custom_logo_max_height":0,"ocean_custom_logo_tablet_max_height":0,"ocean_custom_logo_mobile_max_height":0,"ocean_header_custom_menu":"0","ocean_menu_typo_font_family":"0","ocean_menu_typo_font_subset":"","ocean_menu_typo_font_size":0,"ocean_menu_typo_font_size_tablet":0,"ocean_menu_typo_font_size_mobile":0,"ocean_menu_typo_font_size_unit":"px","ocean_menu_typo_font_weight":"","ocean_menu_typo_font_weight_tablet":"","ocean_menu_typo_font_weight_mobile":"","ocean_menu_typo_transform":"","ocean_menu_typo_transform_tablet":"","ocean_menu_typo_transform_mobile":"","ocean_menu_typo_line_height":0,"ocean_menu_typo_line_height_tablet":0,"ocean_menu_typo_line_height_mobile":0,"ocean_menu_typo_line_height_unit":"","ocean_menu_typo_spacing":0,"ocean_menu_typo_spacing_tablet":0,"ocean_menu_typo_spacing_mobile":0,"ocean_menu_typo_spacing_unit":"","ocean_menu_link_color":"","ocean_menu_link_color_hover":"","ocean_menu_link_color_active":"","ocean_menu_link_background":"","ocean_menu_link_hover_background":"","ocean_menu_link_active_background":"","ocean_menu_social_links_bg":"","ocean_menu_social_hover_links_bg":"","ocean_menu_social_links_color":"","ocean_menu_social_hover_links_color":"","ocean_disable_title":"default","ocean_disable_heading":"default","ocean_post_title":"","ocean_post_subheading":"","ocean_post_title_style":"","ocean_post_title_background_color":"","ocean_post_title_background":0,"ocean_post_title_bg_image_position":"","ocean_post_title_bg_image_attachment":"","ocean_post_title_bg_image_repeat":"","ocean_post_title_bg_image_size":"","ocean_post_title_height":0,"ocean_post_title_bg_overlay":0.5,"ocean_post_title_bg_overlay_color":"","ocean_disable_breadcrumbs":"default","ocean_breadcrumbs_color":"","ocean_breadcrumbs_separator_color":"","ocean_breadcrumbs_links_color":"","ocean_breadcrumbs_links_hover_color":"","ocean_display_footer_widgets":"default","ocean_display_footer_bottom":"default","ocean_custom_footer_template":"0"},"product_brand":[],"product_cat":[688],"product_tag":[1029,1043,664,1041,987,926,1038,1037,1042,1039,1040,1048],"class_list":{"0":"post-12509","1":"product","2":"type-product","3":"status-publish","4":"has-post-thumbnail","6":"product_cat-stationary","7":"product_tag-japanese-design","8":"product_tag-japanese-souvenir","9":"product_tag-kokeshi","10":"product_tag-kokeshi-doll","11":"product_tag-made-in-japan","12":"product_tag-masking-tape","13":"product_tag-miyagi","14":"product_tag-sendai","15":"product_tag-souvenir","16":"product_tag-tohoku","17":"product_tag-tohoku-miyage","18":"product_tag-washi-tape","19":"product_shipping_class-small-shippment","20":"pa_brand-sasaki-print","21":"pa_material-paper","22":"pa_size-o5cm-w1-5-x-l100-cm","24":"entry","25":"has-media","27":"first","28":"instock","29":"shipping-taxable","30":"purchasable","31":"product-type-simple","32":"col","33":"span_1_of_3","34":"owp-content-center","35":"owp-thumbs-layout-horizontal","36":"owp-btn-normal","37":"owp-tabs-layout-section"},"_links":{"self":[{"href":"https:\/\/uroco.ch\/de\/wp-json\/wp\/v2\/product\/12509","targetHints":{"allow":["GET"]}}],"collection":[{"href":"https:\/\/uroco.ch\/de\/wp-json\/wp\/v2\/product"}],"about":[{"href":"https:\/\/uroco.ch\/de\/wp-json\/wp\/v2\/types\/product"}],"replies":[{"embeddable":true,"href":"https:\/\/uroco.ch\/de\/wp-json\/wp\/v2\/comments?post=12509"}],"version-history":[{"count":7,"href":"https:\/\/uroco.ch\/de\/wp-json\/wp\/v2\/product\/12509\/revisions"}],"predecessor-version":[{"id":12978,"href":"https:\/\/uroco.ch\/de\/wp-json\/wp\/v2\/product\/12509\/revisions\/12978"}],"wp:featuredmedia":[{"embeddable":true,"href":"https:\/\/uroco.ch\/de\/wp-json\/wp\/v2\/media\/14314"}],"wp:attachment":[{"href":"https:\/\/uroco.ch\/de\/wp-json\/wp\/v2\/media?parent=12509"}],"wp:term":[{"taxonomy":"product_brand","embeddable":true,"href":"https:\/\/uroco.ch\/de\/wp-json\/wp\/v2\/product_brand?post=12509"},{"taxonomy":"product_cat","embeddable":true,"href":"https:\/\/uroco.ch\/de\/wp-json\/wp\/v2\/product_cat?post=12509"},{"taxonomy":"product_tag","embeddable":true,"href":"https:\/\/uroco.ch\/de\/wp-json\/wp\/v2\/product_tag?post=12509"}],"curies":[{"name":"wp","href":"https:\/\/api.w.org\/{rel}","templated":true}]}}