{"id":12421,"date":"2025-07-01T10:45:46","date_gmt":"2025-07-01T08:45:46","guid":{"rendered":"https:\/\/uroco.ch\/?post_type=product&#038;p=12421"},"modified":"2025-07-01T15:38:27","modified_gmt":"2025-07-01T13:38:27","slug":"aikoma-kleine-schale-9-5cm","status":"publish","type":"product","link":"https:\/\/uroco.ch\/de\/aikoma-small-bowl-9-5cm\/","title":{"rendered":"AIKOMA - Kleine Schale (9,5cm)"},"content":{"rendered":"<p>Die Schalen von AIKOMA sind in verschiedenen Gr\u00f6\u00dfen erh\u00e4ltlich, jede mit einer moderaten Tiefe, so dass sie f\u00fcr eine Vielzahl von Gerichten geeignet sind und sich perfekt f\u00fcr den t\u00e4glichen Gebrauch eignen. Kombiniert mit anderen Artikeln aus der AIKOMA-Serie verleihen sie Ihrem Esstisch eine harmonische Note.<\/p>\n<p>Die leicht dickbauchige Form der AIKOMA-Serie strahlt W\u00e4rme aus, mit handgemalten Linien in verschiedenen Schattierungen und Betonungen. Das Gesicht jeder Schale ist mit der traditionellen KANNABORI-Technik, einer japanischen Form des dekorativen Schnatterns, wundersch\u00f6n modelliert. Genie\u00dfen Sie das einzigartige, handgemalte Aussehen und die Haptik eines jeden Musters!<\/p>\n<p><a href=\"https:\/\/uroco.ch\/wp-content\/uploads\/2021\/12\/b64e1273b48f66296ad805d09b2f8cc7.jpg\"><img fetchpriority=\"high\" decoding=\"async\" class=\"alignleft wp-image-9381\" src=\"https:\/\/uroco.ch\/wp-content\/uploads\/2021\/12\/b64e1273b48f66296ad805d09b2f8cc7-300x300.jpg\" alt=\"\" width=\"300\" height=\"300\" title=\"\" srcset=\"https:\/\/uroco.ch\/wp-content\/uploads\/2021\/12\/b64e1273b48f66296ad805d09b2f8cc7-300x300.jpg 300w, https:\/\/uroco.ch\/wp-content\/uploads\/2021\/12\/b64e1273b48f66296ad805d09b2f8cc7-150x150.jpg 150w, https:\/\/uroco.ch\/wp-content\/uploads\/2021\/12\/b64e1273b48f66296ad805d09b2f8cc7-768x768.jpg 768w, https:\/\/uroco.ch\/wp-content\/uploads\/2021\/12\/b64e1273b48f66296ad805d09b2f8cc7-12x12.jpg 12w, https:\/\/uroco.ch\/wp-content\/uploads\/2021\/12\/b64e1273b48f66296ad805d09b2f8cc7-250x250.jpg 250w, https:\/\/uroco.ch\/wp-content\/uploads\/2021\/12\/b64e1273b48f66296ad805d09b2f8cc7-600x600.jpg 600w, https:\/\/uroco.ch\/wp-content\/uploads\/2021\/12\/b64e1273b48f66296ad805d09b2f8cc7-100x100.jpg 100w, https:\/\/uroco.ch\/wp-content\/uploads\/2021\/12\/b64e1273b48f66296ad805d09b2f8cc7.jpg 800w\" sizes=\"(max-width: 300px) 100vw, 300px\" \/><\/a><a href=\"https:\/\/uroco.ch\/wp-content\/uploads\/2021\/12\/0feeab9bf3ed6a09ebe800136640a3c7-1.jpg\"><img decoding=\"async\" class=\"alignnone wp-image-9382\" src=\"https:\/\/uroco.ch\/wp-content\/uploads\/2021\/12\/0feeab9bf3ed6a09ebe800136640a3c7-1-300x300.jpg\" alt=\"\" width=\"300\" height=\"300\" title=\"\" srcset=\"https:\/\/uroco.ch\/wp-content\/uploads\/2021\/12\/0feeab9bf3ed6a09ebe800136640a3c7-1-300x300.jpg 300w, https:\/\/uroco.ch\/wp-content\/uploads\/2021\/12\/0feeab9bf3ed6a09ebe800136640a3c7-1-150x150.jpg 150w, https:\/\/uroco.ch\/wp-content\/uploads\/2021\/12\/0feeab9bf3ed6a09ebe800136640a3c7-1-768x768.jpg 768w, https:\/\/uroco.ch\/wp-content\/uploads\/2021\/12\/0feeab9bf3ed6a09ebe800136640a3c7-1-12x12.jpg 12w, https:\/\/uroco.ch\/wp-content\/uploads\/2021\/12\/0feeab9bf3ed6a09ebe800136640a3c7-1-250x250.jpg 250w, https:\/\/uroco.ch\/wp-content\/uploads\/2021\/12\/0feeab9bf3ed6a09ebe800136640a3c7-1-600x600.jpg 600w, https:\/\/uroco.ch\/wp-content\/uploads\/2021\/12\/0feeab9bf3ed6a09ebe800136640a3c7-1-100x100.jpg 100w, https:\/\/uroco.ch\/wp-content\/uploads\/2021\/12\/0feeab9bf3ed6a09ebe800136640a3c7-1.jpg 800w\" sizes=\"(max-width: 300px) 100vw, 300px\" \/><\/a><\/p>\n<p>\u25a0 Dieses Produkt wird nicht in einem Karton geliefert, sondern in Polstermaterial eingewickelt.<\/p>\n<p>&nbsp;<\/p>\n<p><img decoding=\"async\" class=\"alignnone wp-image-12748\" src=\"https:\/\/uroco.ch\/wp-content\/uploads\/2024\/08\/logo_maruhiro-300x57.png\" alt=\"\" width=\"236\" height=\"45\" title=\"\" srcset=\"https:\/\/uroco.ch\/wp-content\/uploads\/2024\/08\/logo_maruhiro-300x57.png 300w, https:\/\/uroco.ch\/wp-content\/uploads\/2024\/08\/logo_maruhiro-18x3.png 18w, https:\/\/uroco.ch\/wp-content\/uploads\/2024\/08\/logo_maruhiro-600x114.png 600w, https:\/\/uroco.ch\/wp-content\/uploads\/2024\/08\/logo_maruhiro.png 714w\" sizes=\"(max-width: 236px) 100vw, 236px\" \/><\/p>\n<section class=\"row wrapper is-wrapper-max is-wrapper-sp flex-container grid-container is-align-items-center is-break-tablet\">\n<div class=\"grid-item col-50 col-100-tablet _row-tablet is-row-top-tablet text\">\n<section class=\"row wrapper is-wrapper-max is-wrapper-sp flex-container grid-container is-align-items-center is-break-tablet\">\n<div class=\"grid-item col-50 col-100-tablet _row-tablet is-row-top-tablet text\">\n<p>MARUHIRO hat keine eigene Fabrik, sondern vereinigt viele Fachleute f\u00fcr die Herstellung von Produkten. Jede Marke von MARUHIRO hat ihre eigene Originalit\u00e4t und zeigt ihre besondere Welt. Auch die Produkte von Hasami Ware werden mit dem Wissen vieler Spezialisten hergestellt. Dies macht ihre Porzellane nicht nur zu einem perfekten Geschenk, sondern auch zu einem gro\u00dfartigen Geschenk f\u00fcr Sie bei jeder Gelegenheit.<\/p>\n<\/div>\n<\/section>\n<\/div>\n<\/section>","protected":false},"excerpt":{"rendered":"<p>AIKOMA bowls come in various sizes, each with a moderate depth, making them versatile for a wide range of dishes and perfect for everyday use. When combined with other items from the AIKOMA series, they bring a harmonious touch to your dining table. The slightly thick-bodied shape of the AIKOMA series exudes warmth with hand-painted [&hellip;]<\/p>\n","protected":false},"featured_media":12407,"comment_status":"closed","ping_status":"closed","template":"","meta":{"ocean_post_layout":"","ocean_both_sidebars_style":"","ocean_both_sidebars_content_width":0,"ocean_both_sidebars_sidebars_width":0,"ocean_sidebar":"0","ocean_second_sidebar":"0","ocean_disable_margins":"enable","ocean_add_body_class":"","ocean_shortcode_before_top_bar":"","ocean_shortcode_after_top_bar":"","ocean_shortcode_before_header":"","ocean_shortcode_after_header":"","ocean_has_shortcode":"","ocean_shortcode_after_title":"","ocean_shortcode_before_footer_widgets":"","ocean_shortcode_after_footer_widgets":"","ocean_shortcode_before_footer_bottom":"","ocean_shortcode_after_footer_bottom":"","ocean_display_top_bar":"default","ocean_display_header":"default","ocean_header_style":"","ocean_center_header_left_menu":"0","ocean_custom_header_template":"0","ocean_custom_logo":0,"ocean_custom_retina_logo":0,"ocean_custom_logo_max_width":0,"ocean_custom_logo_tablet_max_width":0,"ocean_custom_logo_mobile_max_width":0,"ocean_custom_logo_max_height":0,"ocean_custom_logo_tablet_max_height":0,"ocean_custom_logo_mobile_max_height":0,"ocean_header_custom_menu":"0","ocean_menu_typo_font_family":"0","ocean_menu_typo_font_subset":"","ocean_menu_typo_font_size":0,"ocean_menu_typo_font_size_tablet":0,"ocean_menu_typo_font_size_mobile":0,"ocean_menu_typo_font_size_unit":"px","ocean_menu_typo_font_weight":"","ocean_menu_typo_font_weight_tablet":"","ocean_menu_typo_font_weight_mobile":"","ocean_menu_typo_transform":"","ocean_menu_typo_transform_tablet":"","ocean_menu_typo_transform_mobile":"","ocean_menu_typo_line_height":0,"ocean_menu_typo_line_height_tablet":0,"ocean_menu_typo_line_height_mobile":0,"ocean_menu_typo_line_height_unit":"","ocean_menu_typo_spacing":0,"ocean_menu_typo_spacing_tablet":0,"ocean_menu_typo_spacing_mobile":0,"ocean_menu_typo_spacing_unit":"","ocean_menu_link_color":"","ocean_menu_link_color_hover":"","ocean_menu_link_color_active":"","ocean_menu_link_background":"","ocean_menu_link_hover_background":"","ocean_menu_link_active_background":"","ocean_menu_social_links_bg":"","ocean_menu_social_hover_links_bg":"","ocean_menu_social_links_color":"","ocean_menu_social_hover_links_color":"","ocean_disable_title":"default","ocean_disable_heading":"default","ocean_post_title":"","ocean_post_subheading":"","ocean_post_title_style":"","ocean_post_title_background_color":"","ocean_post_title_background":0,"ocean_post_title_bg_image_position":"","ocean_post_title_bg_image_attachment":"","ocean_post_title_bg_image_repeat":"","ocean_post_title_bg_image_size":"","ocean_post_title_height":0,"ocean_post_title_bg_overlay":0.5,"ocean_post_title_bg_overlay_color":"","ocean_disable_breadcrumbs":"default","ocean_breadcrumbs_color":"","ocean_breadcrumbs_separator_color":"","ocean_breadcrumbs_links_color":"","ocean_breadcrumbs_links_hover_color":"","ocean_display_footer_widgets":"default","ocean_display_footer_bottom":"default","ocean_custom_footer_template":"0"},"product_brand":[],"product_cat":[692],"product_tag":[580,1028,988,1050,1049,1030,1031,1029,1032,986,987,596,591],"class_list":{"0":"post-12421","1":"product","2":"type-product","3":"status-publish","4":"has-post-thumbnail","6":"product_cat-tableware","7":"product_tag-aikoma","8":"product_tag-hand-print","9":"product_tag-handprint","10":"product_tag-hasami-porcelain","11":"product_tag-hasami-yaki","12":"product_tag-japanese-cup","13":"product_tag-japanese-cusine","14":"product_tag-japanese-design","15":"product_tag-japanese-dishes","16":"product_tag-japanese-porcelain","17":"product_tag-made-in-japan","18":"product_tag-porcelain-bowl","19":"product_tag-porcelain-plate","20":"product_shipping_class-normal-shippment","21":"pa_brand-barbar-maruhiro","22":"pa_care-intruction-avoid-direct-flame","23":"pa_care-intruction-dishwasher-safe","24":"pa_care-intruction-microwave-safe","25":"pa_care-intruction-not-oven-safe","26":"pa_material-porcelain","27":"pa_size-o9-5-x-h3-8-cm-150cc","29":"entry","30":"has-media","32":"first","33":"instock","34":"shipping-taxable","35":"purchasable","36":"product-type-simple","37":"col","38":"span_1_of_3","39":"owp-content-center","40":"owp-thumbs-layout-horizontal","41":"owp-btn-normal","42":"owp-tabs-layout-section"},"_links":{"self":[{"href":"https:\/\/uroco.ch\/de\/wp-json\/wp\/v2\/product\/12421","targetHints":{"allow":["GET"]}}],"collection":[{"href":"https:\/\/uroco.ch\/de\/wp-json\/wp\/v2\/product"}],"about":[{"href":"https:\/\/uroco.ch\/de\/wp-json\/wp\/v2\/types\/product"}],"replies":[{"embeddable":true,"href":"https:\/\/uroco.ch\/de\/wp-json\/wp\/v2\/comments?post=12421"}],"version-history":[{"count":21,"href":"https:\/\/uroco.ch\/de\/wp-json\/wp\/v2\/product\/12421\/revisions"}],"predecessor-version":[{"id":13394,"href":"https:\/\/uroco.ch\/de\/wp-json\/wp\/v2\/product\/12421\/revisions\/13394"}],"wp:featuredmedia":[{"embeddable":true,"href":"https:\/\/uroco.ch\/de\/wp-json\/wp\/v2\/media\/12407"}],"wp:attachment":[{"href":"https:\/\/uroco.ch\/de\/wp-json\/wp\/v2\/media?parent=12421"}],"wp:term":[{"taxonomy":"product_brand","embeddable":true,"href":"https:\/\/uroco.ch\/de\/wp-json\/wp\/v2\/product_brand?post=12421"},{"taxonomy":"product_cat","embeddable":true,"href":"https:\/\/uroco.ch\/de\/wp-json\/wp\/v2\/product_cat?post=12421"},{"taxonomy":"product_tag","embeddable":true,"href":"https:\/\/uroco.ch\/de\/wp-json\/wp\/v2\/product_tag?post=12421"}],"curies":[{"name":"wp","href":"https:\/\/api.w.org\/{rel}","templated":true}]}}