{"id":12330,"date":"2022-11-01T02:50:44","date_gmt":"2022-11-01T01:50:44","guid":{"rendered":"https:\/\/uroco.ch\/?post_type=product&#038;p=12330"},"modified":"2025-04-16T11:28:23","modified_gmt":"2025-04-16T09:28:23","slug":"april-vase-porzellan","status":"publish","type":"product","link":"https:\/\/uroco.ch\/de\/april-vase-porcelain\/","title":{"rendered":"APRIL VASE [porcelain]"},"content":{"rendered":"<p>Die Vase d'Avril gibt es jetzt in Limoges-Porzellan. Dieses Kultobjekt des franz\u00f6sischen Designs wird durch die Anmut und Zartheit des wei\u00dfen Porzellans verwandelt, das die Blumen in ihrer ganzen Sch\u00f6nheit zur Geltung bringt.<br \/>\n\"Als ich den Prototyp fertiggestellt hatte, war ich schon \u00fcberzeugt, aber als das Porzellan bl\u00fchte, war ich fasziniert\", sagt Sigol\u00e8ne Pr\u00e9bois.<br \/>\nInspiriert von der japanischen Ikebana, wird bei dieser Vase jede Blume in einer R\u00f6hre isoliert, um sie besser zur Geltung zu bringen. Die Vase d'Avril ist durch Metallringe gegliedert und hat eine variable Geometrie. Sie passt sich den Blumen, die sie beherbergt, und den St\u00fctzen, auf denen sie steht, an. So bereitet sie jedem das gro\u00dfe Vergn\u00fcgen, einen gelungenen Strau\u00df zusammenzustellen.Die Vase d'Avril besteht aus Porzellanrohren und gelenkigen Metallteilen und ist zerlegbar.<\/p>\n<p>16 Tuben aus Limoges-Porzellan, darunter eine mit Logo, handgefertigt in Frankreich.<br \/>\nZink wird bei Kontakt mit Wasser matt und ist mit einem hellgrauen, frost\u00e4hnlichen Rost \u00fcberzogen. Au\u00dferdem vertragen die Metallteile weder die Sp\u00fclmaschine noch scharfe Reinigungsmittel. April Vasen hingegen freuen sich \u00fcber ein kurzes Bad mit Sp\u00fclmittel.<\/p>\n<p>&nbsp;<\/p>\n<p><img decoding=\"async\" class=\"alignnone wp-image-1789\" src=\"https:\/\/uroco.ch\/wp-content\/uploads\/2019\/06\/tse-tse.jpg\" alt=\"\" width=\"97\" height=\"71\" title=\"\"><\/p>\n<p>Ts\u00e9 &amp; Ts\u00e9 associ\u00e9es ist ein franz\u00f6sisches Designunternehmen. Es wurde von zwei Pariser Designerinnen, Sigol\u00e9ne Pr\u00e9bois und Catherine L\u00e9vy, gegr\u00fcndet. Das Team von Ts\u00e9 &amp; Ts\u00e9, das aus weniger als zehn Personen besteht, beherrscht das Design von Objekten von der Konzeption \u00fcber die Produktion bis zum Vertrieb. Die Prototypen werden in ihrem Atelier in der Pariser Bastille hergestellt. Jedes Objekt erfordert eine besondere Recherche bei der Suche nach den besten Herstellern. Es werden edle Materialien nach traditionellem Know-how verwendet, die die Qualit\u00e4t und Langlebigkeit der Objekte beg\u00fcnstigen. Aus diesem Grund werden die Lampen, das Geschirr und die M\u00f6bel in kleinen Serien, manchmal einzeln und selten \u00fcber 1000 St\u00fcck pro Jahr hergestellt.<\/p>\n<p>Jedes St\u00fcck ist einzigartig, und diese Unterschiede sind die unnachahmliche Handschrift von Ts\u00e9 &amp; Ts\u00e9.<\/p>\n<p>&nbsp;<\/p>","protected":false},"excerpt":{"rendered":"<p>The Vase d&#8217;Avril now exists in Limoges porcelain . This cult object of French design is transformed by the grace and softness of white porcelain which enhances the flowers in all their beauty. \u201cBy finalizing the prototype, I was already convinced, but by flowering the porcelain, I was captivated\u201d says Sigol\u00e8ne Pr\u00e9bois. Inspired by Japanese [&hellip;]<\/p>\n","protected":false},"featured_media":12331,"comment_status":"closed","ping_status":"closed","template":"","meta":{"ocean_post_layout":"","ocean_both_sidebars_style":"","ocean_both_sidebars_content_width":0,"ocean_both_sidebars_sidebars_width":0,"ocean_sidebar":"0","ocean_second_sidebar":"0","ocean_disable_margins":"enable","ocean_add_body_class":"","ocean_shortcode_before_top_bar":"","ocean_shortcode_after_top_bar":"","ocean_shortcode_before_header":"","ocean_shortcode_after_header":"","ocean_has_shortcode":"","ocean_shortcode_after_title":"","ocean_shortcode_before_footer_widgets":"","ocean_shortcode_after_footer_widgets":"","ocean_shortcode_before_footer_bottom":"","ocean_shortcode_after_footer_bottom":"","ocean_display_top_bar":"default","ocean_display_header":"default","ocean_header_style":"","ocean_center_header_left_menu":"0","ocean_custom_header_template":"0","ocean_custom_logo":0,"ocean_custom_retina_logo":0,"ocean_custom_logo_max_width":0,"ocean_custom_logo_tablet_max_width":0,"ocean_custom_logo_mobile_max_width":0,"ocean_custom_logo_max_height":0,"ocean_custom_logo_tablet_max_height":0,"ocean_custom_logo_mobile_max_height":0,"ocean_header_custom_menu":"0","ocean_menu_typo_font_family":"0","ocean_menu_typo_font_subset":"","ocean_menu_typo_font_size":0,"ocean_menu_typo_font_size_tablet":0,"ocean_menu_typo_font_size_mobile":0,"ocean_menu_typo_font_size_unit":"px","ocean_menu_typo_font_weight":"","ocean_menu_typo_font_weight_tablet":"","ocean_menu_typo_font_weight_mobile":"","ocean_menu_typo_transform":"","ocean_menu_typo_transform_tablet":"","ocean_menu_typo_transform_mobile":"","ocean_menu_typo_line_height":0,"ocean_menu_typo_line_height_tablet":0,"ocean_menu_typo_line_height_mobile":0,"ocean_menu_typo_line_height_unit":"","ocean_menu_typo_spacing":0,"ocean_menu_typo_spacing_tablet":0,"ocean_menu_typo_spacing_mobile":0,"ocean_menu_typo_spacing_unit":"","ocean_menu_link_color":"","ocean_menu_link_color_hover":"","ocean_menu_link_color_active":"","ocean_menu_link_background":"","ocean_menu_link_hover_background":"","ocean_menu_link_active_background":"","ocean_menu_social_links_bg":"","ocean_menu_social_hover_links_bg":"","ocean_menu_social_links_color":"","ocean_menu_social_hover_links_color":"","ocean_disable_title":"default","ocean_disable_heading":"default","ocean_post_title":"","ocean_post_subheading":"","ocean_post_title_style":"","ocean_post_title_background_color":"","ocean_post_title_background":0,"ocean_post_title_bg_image_position":"","ocean_post_title_bg_image_attachment":"","ocean_post_title_bg_image_repeat":"","ocean_post_title_bg_image_size":"","ocean_post_title_height":0,"ocean_post_title_bg_overlay":0.5,"ocean_post_title_bg_overlay_color":"","ocean_disable_breadcrumbs":"default","ocean_breadcrumbs_color":"","ocean_breadcrumbs_separator_color":"","ocean_breadcrumbs_links_color":"","ocean_breadcrumbs_links_hover_color":"","ocean_display_footer_widgets":"default","ocean_display_footer_bottom":"default","ocean_custom_footer_template":"0"},"product_brand":[],"product_cat":[689],"product_tag":[621,1134,1133,1128,610,1137,1135,1129,1130,1136,1131,1132,396],"class_list":{"0":"post-12330","1":"product","2":"type-product","3":"status-publish","4":"has-post-thumbnail","6":"product_cat-home-accessories","7":"product_tag-april-vase","8":"product_tag-flower","9":"product_tag-france","10":"product_tag-french-design","11":"product_tag-glass","12":"product_tag-glass-tubes","13":"product_tag-ikebana","14":"product_tag-made-in-france","15":"product_tag-paris","16":"product_tag-porcelain","17":"product_tag-tse-tse-associees","18":"product_tag-tubes","19":"product_tag-vase","20":"product_shipping_class-normal-shippment","21":"pa_brand-tse-tse-associees","22":"pa_material-porcelain","23":"pa_material-zincing","24":"pa_size-h15-x-l56-x-w3-cm","26":"entry","27":"has-media","29":"first","30":"instock","31":"shipping-taxable","32":"purchasable","33":"product-type-simple","34":"col","35":"span_1_of_3","36":"owp-content-center","37":"owp-thumbs-layout-horizontal","38":"owp-btn-normal","39":"owp-tabs-layout-section"},"_links":{"self":[{"href":"https:\/\/uroco.ch\/de\/wp-json\/wp\/v2\/product\/12330","targetHints":{"allow":["GET"]}}],"collection":[{"href":"https:\/\/uroco.ch\/de\/wp-json\/wp\/v2\/product"}],"about":[{"href":"https:\/\/uroco.ch\/de\/wp-json\/wp\/v2\/types\/product"}],"replies":[{"embeddable":true,"href":"https:\/\/uroco.ch\/de\/wp-json\/wp\/v2\/comments?post=12330"}],"version-history":[{"count":3,"href":"https:\/\/uroco.ch\/de\/wp-json\/wp\/v2\/product\/12330\/revisions"}],"predecessor-version":[{"id":13506,"href":"https:\/\/uroco.ch\/de\/wp-json\/wp\/v2\/product\/12330\/revisions\/13506"}],"wp:featuredmedia":[{"embeddable":true,"href":"https:\/\/uroco.ch\/de\/wp-json\/wp\/v2\/media\/12331"}],"wp:attachment":[{"href":"https:\/\/uroco.ch\/de\/wp-json\/wp\/v2\/media?parent=12330"}],"wp:term":[{"taxonomy":"product_brand","embeddable":true,"href":"https:\/\/uroco.ch\/de\/wp-json\/wp\/v2\/product_brand?post=12330"},{"taxonomy":"product_cat","embeddable":true,"href":"https:\/\/uroco.ch\/de\/wp-json\/wp\/v2\/product_cat?post=12330"},{"taxonomy":"product_tag","embeddable":true,"href":"https:\/\/uroco.ch\/de\/wp-json\/wp\/v2\/product_tag?post=12330"}],"curies":[{"name":"wp","href":"https:\/\/api.w.org\/{rel}","templated":true}]}}