{"id":11060,"date":"2022-11-11T00:25:43","date_gmt":"2022-11-10T23:25:43","guid":{"rendered":"https:\/\/uroco.ch\/?post_type=product&#038;p=11060"},"modified":"2025-01-28T16:21:08","modified_gmt":"2025-01-28T15:21:08","slug":"hande-gestohlen-s-braun","status":"publish","type":"product","link":"https:\/\/uroco.ch\/de\/hands-stole-s-brown\/","title":{"rendered":"STOLE\u30fbS [hand\/brown]"},"content":{"rendered":"<p>Ein Druck von vielen H\u00e4nden - vielen H\u00e4nden der Originalit\u00e4t. Sie werden Sie inspirieren und Ihnen etwas Besonderes bringen!<\/p>\n<p>\u25a0 Gr\u00f6\u00dfe und Muster<br \/>\nAlle Stolen werden im Atelier MAKUMO handgefertigt, daher ist jedes St\u00fcck ein Unikat und variiert leicht in Gr\u00f6\u00dfe und Farbe.<\/p>\n<p>\u25a0 Stoffqualit\u00e4t<br \/>\nMAKUMO stellt alle seine Stolen aus Stoffen aus Hamamatsu her.<br \/>\nHamamatsu ist ber\u00fchmt f\u00fcr seinen Stoff, denn das warme Wetter dort ist ideal f\u00fcr den Baumwollanbau.<br \/>\nDie Verwendung von doppelter Gaze macht das Tuch weich. Dar\u00fcber hinaus haben sie eine hohe Atmungsaktivit\u00e4t und Wasseraufnahmef\u00e4higkeit.<\/p>\n<p>&nbsp;<\/p>\n<p><img decoding=\"async\" class=\"alignnone size-full wp-image-1790\" src=\"https:\/\/uroco.ch\/wp-content\/uploads\/2019\/06\/makumo.png\" alt=\"\" width=\"160\" height=\"32.5\" title=\"\">aus Fukuoka, Japan<br \/>\nDas kleine Atelier von MAKUMO befindet sich in der N\u00e4he des Meeres in Itoshima, Fukuoka.<br \/>\nDie von Miki entworfenen Designs, die von Tomota auf Textilien gedruckt und von Yukiko ges\u00e4gt werden, bilden die einzigartigen Textilprodukte von MAKUMO.<br \/>\nMAKUMO ist der Name eines alten Instruments, von dem niemand wei\u00df, welchen Klang es erzeugt und wie es aussieht.<br \/>\nSo kann sich jeder seine eigene Vorstellung davon machen, was Makumo ist.<br \/>\nDie Muster von MAKUMO sind das Ergebnis vieler Phantasien, und es kommen immer wieder neue hinzu.<\/p>\n<p>MAKUMO w\u00fcnscht Ihnen viel Spa\u00df mit seiner Vorstellung von einer unbekannten Welt.<\/p>\n<p><img fetchpriority=\"high\" decoding=\"async\" class=\"alignnone size-medium wp-image-6480\" src=\"https:\/\/uroco.ch\/wp-content\/uploads\/2020\/02\/makumo\u767d\u9ed2-300x56.jpeg\" alt=\"\" width=\"900\" height=\"168\" title=\"\" srcset=\"https:\/\/uroco.ch\/wp-content\/uploads\/2020\/02\/makumo\u767d\u9ed2-300x56.jpeg 300w, https:\/\/uroco.ch\/wp-content\/uploads\/2020\/02\/makumo\u767d\u9ed2-1024x191.jpeg 1024w, https:\/\/uroco.ch\/wp-content\/uploads\/2020\/02\/makumo\u767d\u9ed2-768x143.jpeg 768w, https:\/\/uroco.ch\/wp-content\/uploads\/2020\/02\/makumo\u767d\u9ed2-1536x286.jpeg 1536w, https:\/\/uroco.ch\/wp-content\/uploads\/2020\/02\/makumo\u767d\u9ed2-600x112.jpeg 600w, https:\/\/uroco.ch\/wp-content\/uploads\/2020\/02\/makumo\u767d\u9ed2.jpeg 1000w\" sizes=\"(max-width: 900px) 100vw, 900px\" \/><\/p>","protected":false},"excerpt":{"rendered":"<p>A print of many hands &#8211; many hands of originality. They will inspire you and bring you something special! \u25a0 size and pattern All stoles are handmade in the atelier MAKUMO, so each piece is unique and varies slightly in size and color. \u25a0 cloth quality MAKUMO makes all of their stoles with cloth from [&hellip;]<\/p>\n","protected":false},"featured_media":11436,"comment_status":"closed","ping_status":"closed","template":"","meta":{"ocean_post_layout":"","ocean_both_sidebars_style":"","ocean_both_sidebars_content_width":0,"ocean_both_sidebars_sidebars_width":0,"ocean_sidebar":"0","ocean_second_sidebar":"0","ocean_disable_margins":"enable","ocean_add_body_class":"","ocean_shortcode_before_top_bar":"","ocean_shortcode_after_top_bar":"","ocean_shortcode_before_header":"","ocean_shortcode_after_header":"","ocean_has_shortcode":"","ocean_shortcode_after_title":"","ocean_shortcode_before_footer_widgets":"","ocean_shortcode_after_footer_widgets":"","ocean_shortcode_before_footer_bottom":"","ocean_shortcode_after_footer_bottom":"","ocean_display_top_bar":"default","ocean_display_header":"default","ocean_header_style":"","ocean_center_header_left_menu":"0","ocean_custom_header_template":"0","ocean_custom_logo":0,"ocean_custom_retina_logo":0,"ocean_custom_logo_max_width":0,"ocean_custom_logo_tablet_max_width":0,"ocean_custom_logo_mobile_max_width":0,"ocean_custom_logo_max_height":0,"ocean_custom_logo_tablet_max_height":0,"ocean_custom_logo_mobile_max_height":0,"ocean_header_custom_menu":"0","ocean_menu_typo_font_family":"0","ocean_menu_typo_font_subset":"","ocean_menu_typo_font_size":0,"ocean_menu_typo_font_size_tablet":0,"ocean_menu_typo_font_size_mobile":0,"ocean_menu_typo_font_size_unit":"px","ocean_menu_typo_font_weight":"","ocean_menu_typo_font_weight_tablet":"","ocean_menu_typo_font_weight_mobile":"","ocean_menu_typo_transform":"","ocean_menu_typo_transform_tablet":"","ocean_menu_typo_transform_mobile":"","ocean_menu_typo_line_height":0,"ocean_menu_typo_line_height_tablet":0,"ocean_menu_typo_line_height_mobile":0,"ocean_menu_typo_line_height_unit":"","ocean_menu_typo_spacing":0,"ocean_menu_typo_spacing_tablet":0,"ocean_menu_typo_spacing_mobile":0,"ocean_menu_typo_spacing_unit":"","ocean_menu_link_color":"","ocean_menu_link_color_hover":"","ocean_menu_link_color_active":"","ocean_menu_link_background":"","ocean_menu_link_hover_background":"","ocean_menu_link_active_background":"","ocean_menu_social_links_bg":"","ocean_menu_social_hover_links_bg":"","ocean_menu_social_links_color":"","ocean_menu_social_hover_links_color":"","ocean_disable_title":"default","ocean_disable_heading":"default","ocean_post_title":"","ocean_post_subheading":"","ocean_post_title_style":"","ocean_post_title_background_color":"","ocean_post_title_background":0,"ocean_post_title_bg_image_position":"","ocean_post_title_bg_image_attachment":"","ocean_post_title_bg_image_repeat":"","ocean_post_title_bg_image_size":"","ocean_post_title_height":0,"ocean_post_title_bg_overlay":0.5,"ocean_post_title_bg_overlay_color":"","ocean_disable_breadcrumbs":"default","ocean_breadcrumbs_color":"","ocean_breadcrumbs_separator_color":"","ocean_breadcrumbs_links_color":"","ocean_breadcrumbs_links_hover_color":"","ocean_display_footer_widgets":"default","ocean_display_footer_bottom":"default","ocean_custom_footer_template":"0"},"product_brand":[],"product_cat":[690,691],"product_tag":[671,666],"class_list":{"0":"post-11060","1":"product","2":"type-product","3":"status-publish","4":"has-post-thumbnail","6":"product_cat-accessories","7":"product_cat-textiles","8":"product_tag-hands","9":"product_tag-stole","10":"pa_brand-makumo","11":"pa_care-intruction-colors-may-fade-with-friction","12":"pa_care-intruction-do-not-soak-or-leave-wet","13":"pa_care-intruction-do-not-tumble-dry","14":"pa_care-intruction-wash-at-40-c","15":"pa_material-cotton","16":"pa_size-160-x-50-cm","18":"entry","19":"has-media","21":"first","22":"instock","23":"shipping-taxable","24":"purchasable","25":"product-type-simple","26":"col","27":"span_1_of_3","28":"owp-content-center","29":"owp-thumbs-layout-horizontal","30":"owp-btn-normal","31":"owp-tabs-layout-section"},"_links":{"self":[{"href":"https:\/\/uroco.ch\/de\/wp-json\/wp\/v2\/product\/11060","targetHints":{"allow":["GET"]}}],"collection":[{"href":"https:\/\/uroco.ch\/de\/wp-json\/wp\/v2\/product"}],"about":[{"href":"https:\/\/uroco.ch\/de\/wp-json\/wp\/v2\/types\/product"}],"replies":[{"embeddable":true,"href":"https:\/\/uroco.ch\/de\/wp-json\/wp\/v2\/comments?post=11060"}],"version-history":[{"count":5,"href":"https:\/\/uroco.ch\/de\/wp-json\/wp\/v2\/product\/11060\/revisions"}],"predecessor-version":[{"id":11227,"href":"https:\/\/uroco.ch\/de\/wp-json\/wp\/v2\/product\/11060\/revisions\/11227"}],"wp:featuredmedia":[{"embeddable":true,"href":"https:\/\/uroco.ch\/de\/wp-json\/wp\/v2\/media\/11436"}],"wp:attachment":[{"href":"https:\/\/uroco.ch\/de\/wp-json\/wp\/v2\/media?parent=11060"}],"wp:term":[{"taxonomy":"product_brand","embeddable":true,"href":"https:\/\/uroco.ch\/de\/wp-json\/wp\/v2\/product_brand?post=11060"},{"taxonomy":"product_cat","embeddable":true,"href":"https:\/\/uroco.ch\/de\/wp-json\/wp\/v2\/product_cat?post=11060"},{"taxonomy":"product_tag","embeddable":true,"href":"https:\/\/uroco.ch\/de\/wp-json\/wp\/v2\/product_tag?post=11060"}],"curies":[{"name":"wp","href":"https:\/\/api.w.org\/{rel}","templated":true}]}}