{"id":10880,"date":"2025-07-01T08:10:00","date_gmt":"2025-07-01T06:10:00","guid":{"rendered":"https:\/\/uroco.ch\/?post_type=product&#038;p=10880"},"modified":"2025-08-01T00:32:45","modified_gmt":"2025-07-31T22:32:45","slug":"fingerabdruck-weinglas","status":"publish","type":"product","link":"https:\/\/uroco.ch\/de\/fingerprint-wine-glass\/","title":{"rendered":"FINGERPRINT - Weinglas"},"content":{"rendered":"<p>Diese unregelm\u00e4\u00dfig geformten Weingl\u00e4ser werden von osteurop\u00e4ischen Glasmachern auf altmodische Weise geblasen und zeigen Fingerabdr\u00fccke. Kombinieren Sie sie mit der Fingerprint-Karaffe, um Ihrem Wein einen Hauch von Humor zu verleihen.<\/p>\n<p>&nbsp;<\/p>\n<p><img decoding=\"async\" class=\"alignnone wp-image-1789\" src=\"https:\/\/uroco.ch\/wp-content\/uploads\/2019\/06\/tse-tse.jpg\" alt=\"\" width=\"97\" height=\"71\" title=\"\"><\/p>\n<p>Ts\u00e9 &amp; Ts\u00e9 associ\u00e9es ist ein franz\u00f6sisches Designunternehmen. Es wurde von zwei Pariser Designerinnen, Sigol\u00e9ne Pr\u00e9bois und Catherine L\u00e9vy, gegr\u00fcndet. Das Team von Ts\u00e9 &amp; Ts\u00e9, das aus weniger als zehn Personen besteht, beherrscht das Design von Objekten von der Konzeption \u00fcber die Produktion bis zum Vertrieb. Die Prototypen werden in ihrem Atelier in der Pariser Bastille hergestellt. Jedes Objekt erfordert eine besondere Recherche bei der Suche nach den besten Herstellern. Es werden edle Materialien nach traditionellem Know-how verwendet, die die Qualit\u00e4t und Langlebigkeit der Objekte beg\u00fcnstigen. Aus diesem Grund werden die Lampen, das Geschirr und die M\u00f6bel in kleinen Serien, manchmal einzeln und selten \u00fcber 1000 St\u00fcck pro Jahr hergestellt.<\/p>\n<p>Jedes St\u00fcck ist einzigartig, und diese Unterschiede sind die unnachahmliche Handschrift von Ts\u00e9 &amp; Ts\u00e9.<\/p>","protected":false},"excerpt":{"rendered":"<p>Blown the old-fashioned way by Eastern European glassmakers, these irregularly shaped wine glasses feature fingerprints. Pair them with the Finger Print Carafe to add a sense of humor to your wine. &nbsp; Ts\u00e9 &amp; Ts\u00e9 associ\u00e9es is a French design company. It was founded by two Parisian designers, Sigol\u00e9ne Pr\u00e9bois and Catherine L\u00e9vy. The Ts\u00e9 [&hellip;]<\/p>\n","protected":false},"featured_media":7090,"comment_status":"closed","ping_status":"closed","template":"","meta":{"ocean_post_layout":"","ocean_both_sidebars_style":"","ocean_both_sidebars_content_width":0,"ocean_both_sidebars_sidebars_width":0,"ocean_sidebar":"0","ocean_second_sidebar":"0","ocean_disable_margins":"enable","ocean_add_body_class":"","ocean_shortcode_before_top_bar":"","ocean_shortcode_after_top_bar":"","ocean_shortcode_before_header":"","ocean_shortcode_after_header":"","ocean_has_shortcode":"","ocean_shortcode_after_title":"","ocean_shortcode_before_footer_widgets":"","ocean_shortcode_after_footer_widgets":"","ocean_shortcode_before_footer_bottom":"","ocean_shortcode_after_footer_bottom":"","ocean_display_top_bar":"default","ocean_display_header":"default","ocean_header_style":"","ocean_center_header_left_menu":"0","ocean_custom_header_template":"0","ocean_custom_logo":0,"ocean_custom_retina_logo":0,"ocean_custom_logo_max_width":0,"ocean_custom_logo_tablet_max_width":0,"ocean_custom_logo_mobile_max_width":0,"ocean_custom_logo_max_height":0,"ocean_custom_logo_tablet_max_height":0,"ocean_custom_logo_mobile_max_height":0,"ocean_header_custom_menu":"0","ocean_menu_typo_font_family":"0","ocean_menu_typo_font_subset":"","ocean_menu_typo_font_size":0,"ocean_menu_typo_font_size_tablet":0,"ocean_menu_typo_font_size_mobile":0,"ocean_menu_typo_font_size_unit":"px","ocean_menu_typo_font_weight":"","ocean_menu_typo_font_weight_tablet":"","ocean_menu_typo_font_weight_mobile":"","ocean_menu_typo_transform":"","ocean_menu_typo_transform_tablet":"","ocean_menu_typo_transform_mobile":"","ocean_menu_typo_line_height":0,"ocean_menu_typo_line_height_tablet":0,"ocean_menu_typo_line_height_mobile":0,"ocean_menu_typo_line_height_unit":"","ocean_menu_typo_spacing":0,"ocean_menu_typo_spacing_tablet":0,"ocean_menu_typo_spacing_mobile":0,"ocean_menu_typo_spacing_unit":"","ocean_menu_link_color":"","ocean_menu_link_color_hover":"","ocean_menu_link_color_active":"","ocean_menu_link_background":"","ocean_menu_link_hover_background":"","ocean_menu_link_active_background":"","ocean_menu_social_links_bg":"","ocean_menu_social_hover_links_bg":"","ocean_menu_social_links_color":"","ocean_menu_social_hover_links_color":"","ocean_disable_title":"default","ocean_disable_heading":"default","ocean_post_title":"","ocean_post_subheading":"","ocean_post_title_style":"","ocean_post_title_background_color":"","ocean_post_title_background":0,"ocean_post_title_bg_image_position":"","ocean_post_title_bg_image_attachment":"","ocean_post_title_bg_image_repeat":"","ocean_post_title_bg_image_size":"","ocean_post_title_height":0,"ocean_post_title_bg_overlay":0.5,"ocean_post_title_bg_overlay_color":"","ocean_disable_breadcrumbs":"default","ocean_breadcrumbs_color":"","ocean_breadcrumbs_separator_color":"","ocean_breadcrumbs_links_color":"","ocean_breadcrumbs_links_hover_color":"","ocean_display_footer_widgets":"default","ocean_display_footer_bottom":"default","ocean_custom_footer_template":"0"},"product_brand":[],"product_cat":[692],"product_tag":[627,1145,1149,1143,623,1128,1144,1142,1146,1147,1148,1150],"class_list":{"0":"post-10880","1":"product","2":"type-product","3":"status-publish","4":"has-post-thumbnail","6":"product_cat-tableware","7":"product_tag-digital-glass","8":"product_tag-dining","9":"product_tag-drink","10":"product_tag-eastern-europe","11":"product_tag-finger-print","12":"product_tag-french-design","13":"product_tag-french-dining","14":"product_tag-glass-carafe","15":"product_tag-table-ware","16":"product_tag-water","17":"product_tag-wine","18":"product_tag-wine-glass","19":"pa_brand-tse-tse-associees","20":"pa_care-intruction-dishwasher-safe","21":"pa_material-glass","22":"pa_size-o7-5-x-h16-cm","24":"entry","25":"has-media","27":"first","28":"instock","29":"shipping-taxable","30":"purchasable","31":"product-type-simple","32":"col","33":"span_1_of_3","34":"owp-content-center","35":"owp-thumbs-layout-horizontal","36":"owp-btn-normal","37":"owp-tabs-layout-section"},"_links":{"self":[{"href":"https:\/\/uroco.ch\/de\/wp-json\/wp\/v2\/product\/10880","targetHints":{"allow":["GET"]}}],"collection":[{"href":"https:\/\/uroco.ch\/de\/wp-json\/wp\/v2\/product"}],"about":[{"href":"https:\/\/uroco.ch\/de\/wp-json\/wp\/v2\/types\/product"}],"replies":[{"embeddable":true,"href":"https:\/\/uroco.ch\/de\/wp-json\/wp\/v2\/comments?post=10880"}],"version-history":[{"count":7,"href":"https:\/\/uroco.ch\/de\/wp-json\/wp\/v2\/product\/10880\/revisions"}],"predecessor-version":[{"id":13510,"href":"https:\/\/uroco.ch\/de\/wp-json\/wp\/v2\/product\/10880\/revisions\/13510"}],"wp:featuredmedia":[{"embeddable":true,"href":"https:\/\/uroco.ch\/de\/wp-json\/wp\/v2\/media\/7090"}],"wp:attachment":[{"href":"https:\/\/uroco.ch\/de\/wp-json\/wp\/v2\/media?parent=10880"}],"wp:term":[{"taxonomy":"product_brand","embeddable":true,"href":"https:\/\/uroco.ch\/de\/wp-json\/wp\/v2\/product_brand?post=10880"},{"taxonomy":"product_cat","embeddable":true,"href":"https:\/\/uroco.ch\/de\/wp-json\/wp\/v2\/product_cat?post=10880"},{"taxonomy":"product_tag","embeddable":true,"href":"https:\/\/uroco.ch\/de\/wp-json\/wp\/v2\/product_tag?post=10880"}],"curies":[{"name":"wp","href":"https:\/\/api.w.org\/{rel}","templated":true}]}}