{"id":10876,"date":"2022-11-01T02:30:16","date_gmt":"2022-11-01T01:30:16","guid":{"rendered":"https:\/\/uroco.ch\/?post_type=product&#038;p=10876"},"modified":"2024-10-03T21:16:33","modified_gmt":"2024-10-03T19:16:33","slug":"7-nachte-vase-2","status":"publish","type":"product","link":"https:\/\/uroco.ch\/de\/7-nights-vase-2\/","title":{"rendered":"7 NIGHTS VASE"},"content":{"rendered":"<p>Das Vasen-Set 7 Nights ist von den verschiedenen Stadien einer bl\u00fchenden Blume inspiriert.<br \/>\nVon der Rundung der Zwiebel bis zum schlanken Wuchs des Stiels. Da die Vase den Stiel verbirgt, wird die zarte Brillanz der Blumen zelebriert. Die fl\u00fcssige schwarze Farbe der 7 Nights Vase erzeugt eine sich st\u00e4ndig ver\u00e4ndernde Stimmung, die vor einem hellen Hintergrund noch verst\u00e4rkt wird. Eine wirklich sch\u00f6ne Kollektion.<\/p>\n<p>&nbsp;<\/p>\n<p><img decoding=\"async\" class=\"alignnone wp-image-1789\" src=\"https:\/\/uroco.ch\/wp-content\/uploads\/2019\/06\/tse-tse.jpg\" alt=\"\" width=\"97\" height=\"71\" title=\"\"><\/p>\n<p>Ts\u00e9 &amp; Ts\u00e9 associ\u00e9es ist ein franz\u00f6sisches Designunternehmen. Es wurde von zwei Pariser Designerinnen, Sigol\u00e9ne Pr\u00e9bois und Catherine L\u00e9vy, gegr\u00fcndet. Das Team von Ts\u00e9 &amp; Ts\u00e9, das aus weniger als zehn Personen besteht, beherrscht das Design von Objekten von der Konzeption \u00fcber die Produktion bis zum Vertrieb. Die Prototypen werden in ihrem Atelier in der Pariser Bastille hergestellt. Jedes Objekt erfordert eine besondere Recherche bei der Suche nach den besten Herstellern. Es werden edle Materialien nach traditionellem Know-how verwendet, die die Qualit\u00e4t und Langlebigkeit der Objekte beg\u00fcnstigen. Aus diesem Grund werden die Lampen, das Geschirr und die M\u00f6bel in kleinen Serien, manchmal einzeln und selten \u00fcber 1000 St\u00fcck pro Jahr hergestellt.<\/p>\n<p>Jedes St\u00fcck ist einzigartig, und diese Unterschiede sind die unnachahmliche Handschrift von Ts\u00e9 &amp; Ts\u00e9.<\/p>\n<p>&nbsp;<\/p>","protected":false},"excerpt":{"rendered":"<p>The 7 Nights Vase set is inspired by the different stages of a flower in bloom. From the roundness of the bulb to the slender growth of the stem. As the vase hides the stem, the delicate brilliance of flowers gets celebrated. The liquid black color of the 7 Nights Vase produces an ever-changing mood [&hellip;]<\/p>\n","protected":false},"featured_media":7099,"comment_status":"closed","ping_status":"closed","template":"","meta":{"ocean_post_layout":"","ocean_both_sidebars_style":"","ocean_both_sidebars_content_width":0,"ocean_both_sidebars_sidebars_width":0,"ocean_sidebar":"0","ocean_second_sidebar":"0","ocean_disable_margins":"enable","ocean_add_body_class":"","ocean_shortcode_before_top_bar":"","ocean_shortcode_after_top_bar":"","ocean_shortcode_before_header":"","ocean_shortcode_after_header":"","ocean_has_shortcode":"","ocean_shortcode_after_title":"","ocean_shortcode_before_footer_widgets":"","ocean_shortcode_after_footer_widgets":"","ocean_shortcode_before_footer_bottom":"","ocean_shortcode_after_footer_bottom":"","ocean_display_top_bar":"default","ocean_display_header":"default","ocean_header_style":"","ocean_center_header_left_menu":"0","ocean_custom_header_template":"0","ocean_custom_logo":0,"ocean_custom_retina_logo":0,"ocean_custom_logo_max_width":0,"ocean_custom_logo_tablet_max_width":0,"ocean_custom_logo_mobile_max_width":0,"ocean_custom_logo_max_height":0,"ocean_custom_logo_tablet_max_height":0,"ocean_custom_logo_mobile_max_height":0,"ocean_header_custom_menu":"0","ocean_menu_typo_font_family":"0","ocean_menu_typo_font_subset":"","ocean_menu_typo_font_size":0,"ocean_menu_typo_font_size_tablet":0,"ocean_menu_typo_font_size_mobile":0,"ocean_menu_typo_font_size_unit":"px","ocean_menu_typo_font_weight":"","ocean_menu_typo_font_weight_tablet":"","ocean_menu_typo_font_weight_mobile":"","ocean_menu_typo_transform":"","ocean_menu_typo_transform_tablet":"","ocean_menu_typo_transform_mobile":"","ocean_menu_typo_line_height":0,"ocean_menu_typo_line_height_tablet":0,"ocean_menu_typo_line_height_mobile":0,"ocean_menu_typo_line_height_unit":"","ocean_menu_typo_spacing":0,"ocean_menu_typo_spacing_tablet":0,"ocean_menu_typo_spacing_mobile":0,"ocean_menu_typo_spacing_unit":"","ocean_menu_link_color":"","ocean_menu_link_color_hover":"","ocean_menu_link_color_active":"","ocean_menu_link_background":"","ocean_menu_link_hover_background":"","ocean_menu_link_active_background":"","ocean_menu_social_links_bg":"","ocean_menu_social_hover_links_bg":"","ocean_menu_social_links_color":"","ocean_menu_social_hover_links_color":"","ocean_disable_title":"default","ocean_disable_heading":"default","ocean_post_title":"","ocean_post_subheading":"","ocean_post_title_style":"","ocean_post_title_background_color":"","ocean_post_title_background":0,"ocean_post_title_bg_image_position":"","ocean_post_title_bg_image_attachment":"","ocean_post_title_bg_image_repeat":"","ocean_post_title_bg_image_size":"","ocean_post_title_height":0,"ocean_post_title_bg_overlay":0.5,"ocean_post_title_bg_overlay_color":"","ocean_disable_breadcrumbs":"default","ocean_breadcrumbs_color":"","ocean_breadcrumbs_separator_color":"","ocean_breadcrumbs_links_color":"","ocean_breadcrumbs_links_hover_color":"","ocean_display_footer_widgets":"default","ocean_display_footer_bottom":"default","ocean_custom_footer_template":"0"},"product_brand":[],"product_cat":[689],"product_tag":[1139,622,1141,1134,1133,1128,1135,1129,1140,1130,1136,1131,396],"class_list":{"0":"post-10876","1":"product","2":"type-product","3":"status-publish","4":"has-post-thumbnail","6":"product_cat-home-accessories","7":"product_tag-1139","8":"product_tag-7-nights-vase","9":"product_tag-black-vase","10":"product_tag-flower","11":"product_tag-france","12":"product_tag-french-design","13":"product_tag-ikebana","14":"product_tag-made-in-france","15":"product_tag-nights","16":"product_tag-paris","17":"product_tag-porcelain","18":"product_tag-tse-tse-associees","19":"product_tag-vase","20":"product_shipping_class-normal-shippment","21":"pa_brand-tse-tse-associees","22":"pa_material-glass","23":"pa_size-h8-23-cm","25":"entry","26":"has-media","28":"first","29":"instock","30":"shipping-taxable","31":"purchasable","32":"product-type-simple","33":"col","34":"span_1_of_3","35":"owp-content-center","36":"owp-thumbs-layout-horizontal","37":"owp-btn-normal","38":"owp-tabs-layout-section"},"_links":{"self":[{"href":"https:\/\/uroco.ch\/de\/wp-json\/wp\/v2\/product\/10876","targetHints":{"allow":["GET"]}}],"collection":[{"href":"https:\/\/uroco.ch\/de\/wp-json\/wp\/v2\/product"}],"about":[{"href":"https:\/\/uroco.ch\/de\/wp-json\/wp\/v2\/types\/product"}],"replies":[{"embeddable":true,"href":"https:\/\/uroco.ch\/de\/wp-json\/wp\/v2\/comments?post=10876"}],"version-history":[{"count":3,"href":"https:\/\/uroco.ch\/de\/wp-json\/wp\/v2\/product\/10876\/revisions"}],"predecessor-version":[{"id":13508,"href":"https:\/\/uroco.ch\/de\/wp-json\/wp\/v2\/product\/10876\/revisions\/13508"}],"wp:featuredmedia":[{"embeddable":true,"href":"https:\/\/uroco.ch\/de\/wp-json\/wp\/v2\/media\/7099"}],"wp:attachment":[{"href":"https:\/\/uroco.ch\/de\/wp-json\/wp\/v2\/media?parent=10876"}],"wp:term":[{"taxonomy":"product_brand","embeddable":true,"href":"https:\/\/uroco.ch\/de\/wp-json\/wp\/v2\/product_brand?post=10876"},{"taxonomy":"product_cat","embeddable":true,"href":"https:\/\/uroco.ch\/de\/wp-json\/wp\/v2\/product_cat?post=10876"},{"taxonomy":"product_tag","embeddable":true,"href":"https:\/\/uroco.ch\/de\/wp-json\/wp\/v2\/product_tag?post=10876"}],"curies":[{"name":"wp","href":"https:\/\/api.w.org\/{rel}","templated":true}]}}