{"id":10829,"date":"2025-07-01T09:00:01","date_gmt":"2025-07-01T07:00:01","guid":{"rendered":"https:\/\/uroco.ch\/?post_type=product&#038;p=10829"},"modified":"2025-09-04T21:07:03","modified_gmt":"2025-09-04T19:07:03","slug":"luftvase-neon-pink-x-beige","status":"publish","type":"product","link":"https:\/\/uroco.ch\/de\/air-vase-neon-pink-x-beige\/","title":{"rendered":"AIR VASE \/ NEON [pink x beige]"},"content":{"rendered":"<p>Dies ist ein Satz von 3 Papier-Luftvasen, deren Form Sie frei \u00e4ndern k\u00f6nnen, um sie als Tablett f\u00fcr kleine Gegenst\u00e4nde zu verwenden, eine Vase zu dekorieren, eine Flasche Wein als Geschenk zu verpacken oder sie als ein St\u00fcck moderner Kunst zu pr\u00e4sentieren. Das d\u00fcnne und leichte Papier verleiht der Schale St\u00e4rke und Widerstandsf\u00e4higkeit. Diese faszinierende Schale wird Ihre Aufmerksamkeit erregen, da die Neonfarben auf jeder Seite des Papiers jedes Mal einen anderen Eindruck erwecken, wenn Sie sie betrachten.<\/p>\n<p>&nbsp;<\/p>\n<p><img decoding=\"async\" class=\"alignnone size-full wp-image-1819\" src=\"https:\/\/uroco.ch\/wp-content\/uploads\/2019\/06\/fukunaga-print.png\" alt=\"\" width=\"169\" height=\"44\" title=\"\"><br \/>\nFukunaga Print wurde 1963 in Tachikawa City, Tokio, gegr\u00fcndet.<br \/>\nDas Unternehmen ist ein f\u00fchrender Papierverarbeiter. Es ist Spezialist f\u00fcr Sonderfarbdruck, Druck auf schwerem Papier und Karton, Schneiden, Kleben und Laserbearbeitung. Seit 2006 arbeitet das Unternehmen mit verschiedenen renommierten Designern zusammen und kreiert und vertreibt originelle Produkte, die die M\u00f6glichkeiten von Papier erweitern.<\/p>","protected":false},"excerpt":{"rendered":"<p>This is a set of 3 paper Air Vases which shape you can freely change to use it as a tray for small objects, decorate a vase, gift wrap a bottle of wine or present it as a piece of modern art. The thin and lightweight paper gives strength and resistance to the bowl. This [&hellip;]<\/p>\n","protected":false},"featured_media":7262,"comment_status":"closed","ping_status":"closed","template":"","meta":{"ocean_post_layout":"","ocean_both_sidebars_style":"","ocean_both_sidebars_content_width":0,"ocean_both_sidebars_sidebars_width":0,"ocean_sidebar":"0","ocean_second_sidebar":"0","ocean_disable_margins":"enable","ocean_add_body_class":"","ocean_shortcode_before_top_bar":"","ocean_shortcode_after_top_bar":"","ocean_shortcode_before_header":"","ocean_shortcode_after_header":"","ocean_has_shortcode":"","ocean_shortcode_after_title":"","ocean_shortcode_before_footer_widgets":"","ocean_shortcode_after_footer_widgets":"","ocean_shortcode_before_footer_bottom":"","ocean_shortcode_after_footer_bottom":"","ocean_display_top_bar":"default","ocean_display_header":"default","ocean_header_style":"","ocean_center_header_left_menu":"0","ocean_custom_header_template":"0","ocean_custom_logo":0,"ocean_custom_retina_logo":0,"ocean_custom_logo_max_width":0,"ocean_custom_logo_tablet_max_width":0,"ocean_custom_logo_mobile_max_width":0,"ocean_custom_logo_max_height":0,"ocean_custom_logo_tablet_max_height":0,"ocean_custom_logo_mobile_max_height":0,"ocean_header_custom_menu":"0","ocean_menu_typo_font_family":"0","ocean_menu_typo_font_subset":"","ocean_menu_typo_font_size":0,"ocean_menu_typo_font_size_tablet":0,"ocean_menu_typo_font_size_mobile":0,"ocean_menu_typo_font_size_unit":"px","ocean_menu_typo_font_weight":"","ocean_menu_typo_font_weight_tablet":"","ocean_menu_typo_font_weight_mobile":"","ocean_menu_typo_transform":"","ocean_menu_typo_transform_tablet":"","ocean_menu_typo_transform_mobile":"","ocean_menu_typo_line_height":0,"ocean_menu_typo_line_height_tablet":0,"ocean_menu_typo_line_height_mobile":0,"ocean_menu_typo_line_height_unit":"","ocean_menu_typo_spacing":0,"ocean_menu_typo_spacing_tablet":0,"ocean_menu_typo_spacing_mobile":0,"ocean_menu_typo_spacing_unit":"","ocean_menu_link_color":"","ocean_menu_link_color_hover":"","ocean_menu_link_color_active":"","ocean_menu_link_background":"","ocean_menu_link_hover_background":"","ocean_menu_link_active_background":"","ocean_menu_social_links_bg":"","ocean_menu_social_hover_links_bg":"","ocean_menu_social_links_color":"","ocean_menu_social_hover_links_color":"","ocean_disable_title":"default","ocean_disable_heading":"default","ocean_post_title":"","ocean_post_subheading":"","ocean_post_title_style":"","ocean_post_title_background_color":"","ocean_post_title_background":0,"ocean_post_title_bg_image_position":"","ocean_post_title_bg_image_attachment":"","ocean_post_title_bg_image_repeat":"","ocean_post_title_bg_image_size":"","ocean_post_title_height":0,"ocean_post_title_bg_overlay":0.5,"ocean_post_title_bg_overlay_color":"","ocean_disable_breadcrumbs":"default","ocean_breadcrumbs_color":"","ocean_breadcrumbs_separator_color":"","ocean_breadcrumbs_links_color":"","ocean_breadcrumbs_links_hover_color":"","ocean_display_footer_widgets":"default","ocean_display_footer_bottom":"default","ocean_custom_footer_template":"0"},"product_brand":[],"product_cat":[689],"product_tag":[616,1119,1120,363,1121,1029,1043,987,614],"class_list":{"0":"post-10829","1":"product","2":"type-product","3":"status-publish","4":"has-post-thumbnail","6":"product_cat-home-accessories","7":"product_tag-airvase","8":"product_tag-fukunaga","9":"product_tag-fukunagaprint","10":"product_tag-japan","11":"product_tag-japanese","12":"product_tag-japanese-design","13":"product_tag-japanese-souvenir","14":"product_tag-made-in-japan","15":"product_tag-paper-vase","16":"product_shipping_class-small-shippment","17":"pa_brand-fukunaga-print","18":"pa_material-paper","19":"pa_quantity-3-pcs","20":"pa_size-o19-3-cm","22":"entry","23":"has-media","25":"first","26":"instock","27":"shipping-taxable","28":"purchasable","29":"product-type-simple","30":"col","31":"span_1_of_3","32":"owp-content-center","33":"owp-thumbs-layout-horizontal","34":"owp-btn-normal","35":"owp-tabs-layout-section"},"_links":{"self":[{"href":"https:\/\/uroco.ch\/de\/wp-json\/wp\/v2\/product\/10829","targetHints":{"allow":["GET"]}}],"collection":[{"href":"https:\/\/uroco.ch\/de\/wp-json\/wp\/v2\/product"}],"about":[{"href":"https:\/\/uroco.ch\/de\/wp-json\/wp\/v2\/types\/product"}],"replies":[{"embeddable":true,"href":"https:\/\/uroco.ch\/de\/wp-json\/wp\/v2\/comments?post=10829"}],"version-history":[{"count":3,"href":"https:\/\/uroco.ch\/de\/wp-json\/wp\/v2\/product\/10829\/revisions"}],"predecessor-version":[{"id":13501,"href":"https:\/\/uroco.ch\/de\/wp-json\/wp\/v2\/product\/10829\/revisions\/13501"}],"wp:featuredmedia":[{"embeddable":true,"href":"https:\/\/uroco.ch\/de\/wp-json\/wp\/v2\/media\/7262"}],"wp:attachment":[{"href":"https:\/\/uroco.ch\/de\/wp-json\/wp\/v2\/media?parent=10829"}],"wp:term":[{"taxonomy":"product_brand","embeddable":true,"href":"https:\/\/uroco.ch\/de\/wp-json\/wp\/v2\/product_brand?post=10829"},{"taxonomy":"product_cat","embeddable":true,"href":"https:\/\/uroco.ch\/de\/wp-json\/wp\/v2\/product_cat?post=10829"},{"taxonomy":"product_tag","embeddable":true,"href":"https:\/\/uroco.ch\/de\/wp-json\/wp\/v2\/product_tag?post=10829"}],"curies":[{"name":"wp","href":"https:\/\/api.w.org\/{rel}","templated":true}]}}