{"id":10114,"date":"2025-07-01T08:40:12","date_gmt":"2025-07-01T06:40:12","guid":{"rendered":"https:\/\/uroco.ch\/?post_type=product&#038;p=10114"},"modified":"2025-12-08T22:38:50","modified_gmt":"2025-12-08T21:38:50","slug":"sakurasaku-sake-glas-klar","status":"publish","type":"product","link":"https:\/\/uroco.ch\/de\/sakurasaku-sake-glass-clear\/","title":{"rendered":"SAKURASAKU- Sake Glass [clear]"},"content":{"rendered":"<p>Die Kondensation, die beim Einschenken eines kalten Getr\u00e4nks in das Glas entsteht, l\u00e4sst die Kirschbl\u00fcten (SAKURA) auf Ihrem Tisch erbl\u00fchen. Jedes Bl\u00fctenblatt der Kirschbl\u00fcte wurde von erfahrenen Glask\u00fcnstlern in Japan sorgf\u00e4ltig bearbeitet, und jedes Bl\u00fctenblatt ist in jeder Ecke klar definiert. Wassertropfen, die bisher vielleicht als l\u00e4stig empfunden wurden, k\u00f6nnen zu einer wichtigen Pr\u00e4senz werden, die ein wenig Freude in Ihren Alltag bringt.<\/p>\n<p>Sie sind in einer Schachtel aus Paulownia-Holz verpackt und eignen sich daher ideal zum Verschenken.<\/p>\n<p>Bitte haben Sie Verst\u00e4ndnis daf\u00fcr, dass es bei diesem Produkt aufgrund der Handarbeit zu individuellen Abweichungen kommen kann.<\/p>\n<p><img decoding=\"async\" class=\"alignnone wp-image-12854\" src=\"https:\/\/uroco.ch\/wp-content\/uploads\/2024\/08\/logo_100percent.png\" alt=\"\" width=\"177\" height=\"64\" title=\"\" srcset=\"https:\/\/uroco.ch\/wp-content\/uploads\/2024\/08\/logo_100percent.png 210w, https:\/\/uroco.ch\/wp-content\/uploads\/2024\/08\/logo_100percent-18x7.png 18w\" sizes=\"(max-width: 177px) 100vw, 177px\" \/>100percent m\u00f6chte ein \"gl\u00fcckliches Gef\u00fchl beim Besitz\" ihrer hervorragenden Produkte und ein \"angenehmes Gef\u00fchl beim Gebrauch\" schaffen. Mit dieser Einstellung stellen sie nur das her, was sie wirklich herstellen wollen. Dieser starke Wille ist unabdingbar, wenn man sich der Herausforderung stellt, in Zusammenarbeit mit Partnerunternehmen und Fertigungsbetrieben Technologien und Fertigungsmethoden zu entwickeln, die es bisher noch nicht gab, und das manchmal \u00fcber einen langen Zeitraum hinweg.<\/p>\n<p>Durch diese Anh\u00e4ufung von gro\u00dfen Anstrengungen ist jedes Produkt, das sie schaffen, etwas Besonderes und zieht uns mit seiner einzigartigen Anziehungskraft in seinen Bann.<\/p>","protected":false},"excerpt":{"rendered":"<p>Condensation caused by pouring a cold drink in the glass causes cherry blossoms to bloom (SAKURA)\u00a0 upon your tabletop. Each petal of the cherry blossom has been carefully crafted by skilled glass artisans in Japan, and each petal is clearly defined in every corner. Water droplets, which may have seemed like a nuisance until now, [&hellip;]<\/p>\n","protected":false},"featured_media":13041,"comment_status":"closed","ping_status":"closed","template":"","meta":{"ocean_post_layout":"","ocean_both_sidebars_style":"","ocean_both_sidebars_content_width":0,"ocean_both_sidebars_sidebars_width":0,"ocean_sidebar":"0","ocean_second_sidebar":"0","ocean_disable_margins":"enable","ocean_add_body_class":"","ocean_shortcode_before_top_bar":"","ocean_shortcode_after_top_bar":"","ocean_shortcode_before_header":"","ocean_shortcode_after_header":"","ocean_has_shortcode":"","ocean_shortcode_after_title":"","ocean_shortcode_before_footer_widgets":"","ocean_shortcode_after_footer_widgets":"","ocean_shortcode_before_footer_bottom":"","ocean_shortcode_after_footer_bottom":"","ocean_display_top_bar":"default","ocean_display_header":"default","ocean_header_style":"","ocean_center_header_left_menu":"0","ocean_custom_header_template":"0","ocean_custom_logo":0,"ocean_custom_retina_logo":0,"ocean_custom_logo_max_width":0,"ocean_custom_logo_tablet_max_width":0,"ocean_custom_logo_mobile_max_width":0,"ocean_custom_logo_max_height":0,"ocean_custom_logo_tablet_max_height":0,"ocean_custom_logo_mobile_max_height":0,"ocean_header_custom_menu":"0","ocean_menu_typo_font_family":"0","ocean_menu_typo_font_subset":"","ocean_menu_typo_font_size":0,"ocean_menu_typo_font_size_tablet":0,"ocean_menu_typo_font_size_mobile":0,"ocean_menu_typo_font_size_unit":"px","ocean_menu_typo_font_weight":"","ocean_menu_typo_font_weight_tablet":"","ocean_menu_typo_font_weight_mobile":"","ocean_menu_typo_transform":"","ocean_menu_typo_transform_tablet":"","ocean_menu_typo_transform_mobile":"","ocean_menu_typo_line_height":0,"ocean_menu_typo_line_height_tablet":0,"ocean_menu_typo_line_height_mobile":0,"ocean_menu_typo_line_height_unit":"","ocean_menu_typo_spacing":0,"ocean_menu_typo_spacing_tablet":0,"ocean_menu_typo_spacing_mobile":0,"ocean_menu_typo_spacing_unit":"","ocean_menu_link_color":"","ocean_menu_link_color_hover":"","ocean_menu_link_color_active":"","ocean_menu_link_background":"","ocean_menu_link_hover_background":"","ocean_menu_link_active_background":"","ocean_menu_social_links_bg":"","ocean_menu_social_hover_links_bg":"","ocean_menu_social_links_color":"","ocean_menu_social_hover_links_color":"","ocean_disable_title":"default","ocean_disable_heading":"default","ocean_post_title":"","ocean_post_subheading":"","ocean_post_title_style":"","ocean_post_title_background_color":"","ocean_post_title_background":0,"ocean_post_title_bg_image_position":"","ocean_post_title_bg_image_attachment":"","ocean_post_title_bg_image_repeat":"","ocean_post_title_bg_image_size":"","ocean_post_title_height":0,"ocean_post_title_bg_overlay":0.5,"ocean_post_title_bg_overlay_color":"","ocean_disable_breadcrumbs":"default","ocean_breadcrumbs_color":"","ocean_breadcrumbs_separator_color":"","ocean_breadcrumbs_links_color":"","ocean_breadcrumbs_links_hover_color":"","ocean_display_footer_widgets":"default","ocean_display_footer_bottom":"default","ocean_custom_footer_template":"0"},"product_brand":[],"product_cat":[692],"product_tag":[1086,1094,1093,1096,1090,1091,363,1092,987,1095,608,1089,1088,609],"class_list":{"0":"post-10114","1":"product","2":"type-product","3":"status-publish","4":"has-post-thumbnail","6":"product_cat-tableware","7":"product_tag-100percent","8":"product_tag-beautiful-glass","9":"product_tag-cherry-blossom","10":"product_tag-clear","11":"product_tag-glass-set","12":"product_tag-handcraft","13":"product_tag-japan","14":"product_tag-japanese-meister","15":"product_tag-made-in-japan","16":"product_tag-pink","17":"product_tag-sake","18":"product_tag-sake-glass","19":"product_tag-sakura","20":"product_tag-sakurasaku","21":"product_shipping_class-normal-shippment","22":"pa_brand-100percent","23":"pa_care-intruction-not-dishwasher-save","24":"pa_care-intruction-not-microwave-save","25":"pa_material-glass","26":"pa_size-o5-5-xh6-1-cm-80cc","28":"entry","29":"has-media","31":"first","32":"instock","33":"shipping-taxable","34":"purchasable","35":"product-type-simple","36":"col","37":"span_1_of_3","38":"owp-content-center","39":"owp-thumbs-layout-horizontal","40":"owp-btn-normal","41":"owp-tabs-layout-section"},"_links":{"self":[{"href":"https:\/\/uroco.ch\/de\/wp-json\/wp\/v2\/product\/10114","targetHints":{"allow":["GET"]}}],"collection":[{"href":"https:\/\/uroco.ch\/de\/wp-json\/wp\/v2\/product"}],"about":[{"href":"https:\/\/uroco.ch\/de\/wp-json\/wp\/v2\/types\/product"}],"replies":[{"embeddable":true,"href":"https:\/\/uroco.ch\/de\/wp-json\/wp\/v2\/comments?post=10114"}],"version-history":[{"count":10,"href":"https:\/\/uroco.ch\/de\/wp-json\/wp\/v2\/product\/10114\/revisions"}],"predecessor-version":[{"id":12864,"href":"https:\/\/uroco.ch\/de\/wp-json\/wp\/v2\/product\/10114\/revisions\/12864"}],"wp:featuredmedia":[{"embeddable":true,"href":"https:\/\/uroco.ch\/de\/wp-json\/wp\/v2\/media\/13041"}],"wp:attachment":[{"href":"https:\/\/uroco.ch\/de\/wp-json\/wp\/v2\/media?parent=10114"}],"wp:term":[{"taxonomy":"product_brand","embeddable":true,"href":"https:\/\/uroco.ch\/de\/wp-json\/wp\/v2\/product_brand?post=10114"},{"taxonomy":"product_cat","embeddable":true,"href":"https:\/\/uroco.ch\/de\/wp-json\/wp\/v2\/product_cat?post=10114"},{"taxonomy":"product_tag","embeddable":true,"href":"https:\/\/uroco.ch\/de\/wp-json\/wp\/v2\/product_tag?post=10114"}],"curies":[{"name":"wp","href":"https:\/\/api.w.org\/{rel}","templated":true}]}}